{"id":1681,"date":"2024-10-20T09:55:03","date_gmt":"2024-10-20T09:55:03","guid":{"rendered":"https:\/\/ecotalleres.es\/?post_type=product&#038;p=1681"},"modified":"2024-10-20T10:00:07","modified_gmt":"2024-10-20T10:00:07","slug":"balsamo-de-julia","status":"publish","type":"product","link":"https:\/\/ecotalleres.es\/?product=balsamo-de-julia","title":{"rendered":"B\u00c1LSAMO DE JULIA"},"content":{"rendered":"<p class=\"Default\" style=\"text-align: center;\" align=\"center\"><b><span style=\"font-size: 36.0pt; font-family: Algerian; color: red;\">B\u00c1LSAMO DE JULIA<\/span><\/b><\/p>\n<p style=\"text-align: center;\"><strong>COMPOSICI\u00d3N<\/strong><\/p>\n<p>ACEITE DE OLIVA VIRGEN EXTRA ECOL\u00d3GICO. MANTECA DE KARIT\u00c9. PLANTA MEDICINALES: ROMERO, LAVANDA, DIENTE DE LE\u00d3N, MILENRAMA, TOMILLO, CAL\u00c9NDULA, \u00c1RNICA Y SALVIA. Y ACEITE ESENCIALES: DE ROMERO, CLAVO Y CA\u00d1AMO CBD.<\/p>\n<h4 style=\"text-align: center;\"><span style=\"color: #ff0000;\"><strong>USO Y APLICACI\u00d3N<\/strong><\/span><\/h4>\n<p>Es una crema bals\u00e1mica, que se debe de aplicar en la piel, en las zonas doloridas o da\u00f1adas. Primero se deshace el b\u00e1lsamo flotando las manos y posteriormente se da en las zonas indicadas, extendiendo dicha crema por todo el entorno de la piel, realizando un suave masaje. Se puede aplicar tantas veces como se estime conveniente mientras los dolores persistan, como las inflamaciones o partes da\u00f1adas.<\/p>\n<p>El b\u00e1lsamo de Julia tambi\u00e9n se puede utilizar diariamente como hidratante, revitalizante, regenerativo y preventivo, como bien se indica m\u00e1s adelante.<\/p>\n<p>Es recomendable llevar siempre una cajita de b\u00e1lsamo en el bolso, bien tapada; hay que tener en cuenta que el b\u00e1lsamo se derrite y se transforma en l\u00edquido a 36 grados aproximadamente.<\/p>\n<p>Es un producto natural que, por regla general, es bien admitido por todo tipo de piel. En el caso de que una persona note alguna reacci\u00f3n al\u00e9rgica, conviene no darse el b\u00e1lsamo. Puede aplicarse para ni\u00f1os y para todas las edades, se puede aplicar desde la cabeza hasta los pies, siempre como uso t\u00f3pico.<\/p>\n<p>Por favor, nunca el b\u00e1lsamo, arroje a la basura. Si no te gusta, puedes reciclar el producto en la naturaleza, y el envase de pl\u00e1stico al contenedor amarillo. Es un producto natural con un proceso artesanal y espiritual; por lo tanto, la energ\u00eda que contiene el b\u00e1lsamo de Julia, no se debe de arrojar a la basura. Se les pide a las personas que lo compran respeto y dignidad, y seguir las indicaciones que aqu\u00ed se indican.<\/p>\n<p>Consejo: si te aplicas el b\u00e1lsamo y te vas a poner ropa delicada, es conveniente que pasado unos minutos absorbas con un papel el aceite, para no manchar la ropa.<\/p>\n<p>Conviene conservar el b\u00e1lsamo en lugar seco a temperatura de ambiente, como ya se ha indicado, a unos 36 grados aproximadamente se transforma en l\u00edquido (se puede dejar en el frigor\u00edfico si la temperatura del ambiente es alta, y cuando la temperatura sea normal, dejar en ambiente seco).<\/p>\n<p>Su tiempo de duraci\u00f3n es de 1 a\u00f1o (puede ser \u00fatil mucho m\u00e1s tiempo).<\/p>\n<h4 style=\"text-align: center;\"><strong>\u00a0<\/strong><span style=\"color: #ff0000;\"><strong>Propiedades, indicaciones y bondades.<\/strong><\/span><\/h4>\n<p><strong>\u00a0 \u00a0 \u00a0<\/strong>Cicatrizante, antiinflamatorio, antibacteriano, antiviral, alivia dolores musculares y articulares, para re\u00famas, artritis, artrosis, golpes, traumatismos, tort\u00edcolis, dolores de cuello y espalda, contracturas, lumbagos, ci\u00e1tica, esguinces, piernas cansadas, flebitis, varices, para la celulitis, eliminar l\u00edquidos, activador de la circulaci\u00f3n sangu\u00ednea, equilibra el sistema nervioso, regenerador del sistema \u00f3seo.<\/p>\n<p>Sirve para la psoriasis, eccemas, estr\u00edas en la piel, para los juanetes, dolores de pies y otras lesiones. Para los m\u00fasculos los fortalece y flexibiliza evitando calcificaciones, para regenerar tejido, y cicatrizar lesiones de roturas fibrilares. Rejuvenece, hidrata la piel, revitaliza, limpia la piel de afecciones. Se puede aplicar en los resfriados, sobre los pulmones y las fosas nasales, despeja y alivia los s\u00edntomas de este. Para las picaduras de insectos, y de medusas. Ahuyenta y repele a los mosquitos e insectos y muchas m\u00e1s aplicaciones tiene el b\u00e1lsamo de Julia, que a la vez nos proporciona energ\u00eda y vitalidad. Sirve tambi\u00e9n para deportistas de \u00e9lite como aficionados, para dar est\u00edmulo y energ\u00eda. Lo pueden aplicar los masajistas profesionales; tendr\u00e1n una excelente herramienta para eliminar contracturas, dolores y otras lesiones.<\/p>\n<p>El b\u00e1lsamo de Julia no solo tiene beneficios para el cuerpo, sino tambi\u00e9n para el esp\u00edritu y sus emociones. Su energ\u00eda es un canal que proporciona armon\u00eda y vitalidad para emociones y sentimientos. Ayuda a eliminar las depresiones, des\u00e1nimos, tristezas, amarguras, malestar, nervios, tensiones, estr\u00e9s, ansiedad, fobias, miedos, complejos y, en definitiva, estados y energ\u00edas negativas del alma. Las plantas que componen el b\u00e1lsamo de Julia son plantas con grandes cualidades espirituales; voy a exponer a modo de ejemplo algunas de ellas.<\/p>\n<p>La cal\u00e9ndula nos inspira afabilidad y generosidad, el diente de le\u00f3n humildad y sencillez, el romero energ\u00eda y juventud, \u00e1rnica seguridad y confianza, tomillo alegr\u00eda y honestidad, milenrama, paz interior y serenidad espiritual, olivo paz y armon\u00eda, lavanda amor y sensualidad y la salvia salud y fecundidad.<\/p>\n<p>&nbsp;<\/p>\n","protected":false},"excerpt":{"rendered":"<p class=\"Default\" style=\"text-align: center;\" align=\"center\"><b><span style=\"font-size: 36.0pt; font-family: Algerian; color: red;\">B\u00c1LSAMO DE JULIA<\/span><\/b><\/p>\n<h4 align=\"center\"><span style=\"color: #000000;\">ENVASE DE 50 ML.<\/span><\/h4>\n<h4 align=\"center\"><span style=\"color: #000000;\">USO T\u00d3PICO<\/span><\/h4>\n<p>ESTE PRODUCTO SE HACE EL PEDIDO POR EMAIL<\/p>\n<p>EL PAGO ES POR TRANSFERENCIA, AL PRECIO DEL PRODUCTO SE DEBE DE A\u00d1ADIR 6 EUROS DE TRANSPORTE..<\/p>\n","protected":false},"featured_media":1027,"comment_status":"open","ping_status":"closed","template":"","meta":{"_monsterinsights_skip_tracking":false,"_monsterinsights_sitenote_active":false,"_monsterinsights_sitenote_note":"","_monsterinsights_sitenote_category":0,"site-sidebar-layout":"default","site-content-layout":"","ast-site-content-layout":"default","site-content-style":"default","site-sidebar-style":"default","ast-global-header-display":"","ast-banner-title-visibility":"","ast-main-header-display":"","ast-hfb-above-header-display":"","ast-hfb-below-header-display":"","ast-hfb-mobile-header-display":"","site-post-title":"","ast-breadcrumbs-content":"","ast-featured-img":"","footer-sml-layout":"","ast-disable-related-posts":"","theme-transparent-header-meta":"default","adv-header-id-meta":"","stick-header-meta":"","header-above-stick-meta":"","header-main-stick-meta":"","header-below-stick-meta":"","astra-migrate-meta-layouts":"set","ast-page-background-enabled":"default","ast-page-background-meta":{"desktop":{"background-color":"","background-image":"","background-repeat":"repeat","background-position":"center center","background-size":"auto","background-attachment":"scroll","background-type":"","background-media":"","overlay-type":"","overlay-color":"","overlay-opacity":"","overlay-gradient":""},"tablet":{"background-color":"","background-image":"","background-repeat":"repeat","background-position":"center center","background-size":"auto","background-attachment":"scroll","background-type":"","background-media":"","overlay-type":"","overlay-color":"","overlay-opacity":"","overlay-gradient":""},"mobile":{"background-color":"","background-image":"","background-repeat":"repeat","background-position":"center center","background-size":"auto","background-attachment":"scroll","background-type":"","background-media":"","overlay-type":"","overlay-color":"","overlay-opacity":"","overlay-gradient":""}},"ast-content-background-meta":{"desktop":{"background-color":"var(--ast-global-color-5)","background-image":"","background-repeat":"repeat","background-position":"center center","background-size":"auto","background-attachment":"scroll","background-type":"","background-media":"","overlay-type":"","overlay-color":"","overlay-opacity":"","overlay-gradient":""},"tablet":{"background-color":"var(--ast-global-color-5)","background-image":"","background-repeat":"repeat","background-position":"center center","background-size":"auto","background-attachment":"scroll","background-type":"","background-media":"","overlay-type":"","overlay-color":"","overlay-opacity":"","overlay-gradient":""},"mobile":{"background-color":"var(--ast-global-color-5)","background-image":"","background-repeat":"repeat","background-position":"center center","background-size":"auto","background-attachment":"scroll","background-type":"","background-media":"","overlay-type":"","overlay-color":"","overlay-opacity":"","overlay-gradient":""}}},"product_brand":[],"product_cat":[124],"product_tag":[125,52,51,60],"class_list":{"0":"post-1681","1":"product","2":"type-product","3":"status-publish","4":"has-post-thumbnail","6":"product_cat-productos","7":"product_tag-alivia-los-dolores","8":"product_tag-antibacteriano","9":"product_tag-antiinflamatorio","10":"product_tag-calmante","11":"desktop-align-left","12":"tablet-align-left","13":"mobile-align-left","15":"first","16":"instock","17":"taxable","18":"shipping-taxable","19":"purchasable","20":"product-type-simple"},"yoast_head":"<!-- This site is optimized with the Yoast SEO plugin v27.3 - https:\/\/yoast.com\/product\/yoast-seo-wordpress\/ -->\n<title>B\u00c1LSAMO DE JULIA - ECOTALLERES<\/title>\n<meta name=\"robots\" content=\"index, follow, max-snippet:-1, max-image-preview:large, max-video-preview:-1\" \/>\n<link rel=\"canonical\" href=\"https:\/\/ecotalleres.es\/?product=balsamo-de-julia\" \/>\n<meta property=\"og:locale\" content=\"es_ES\" \/>\n<meta property=\"og:type\" content=\"article\" \/>\n<meta property=\"og:title\" content=\"B\u00c1LSAMO DE JULIA - ECOTALLERES\" \/>\n<meta property=\"og:description\" content=\"B\u00c1LSAMO DE JULIA  ENVASE DE 50 ML. USO T\u00d3PICO ESTE PRODUCTO SE HACE EL PEDIDO POR EMAIL  EL PAGO ES POR TRANSFERENCIA, AL PRECIO DEL PRODUCTO SE DEBE DE A\u00d1ADIR 6 EUROS DE TRANSPORTE..\" \/>\n<meta property=\"og:url\" content=\"https:\/\/ecotalleres.es\/?product=balsamo-de-julia\" \/>\n<meta property=\"og:site_name\" content=\"ECOTALLERES\" \/>\n<meta property=\"article:modified_time\" content=\"2024-10-20T10:00:07+00:00\" \/>\n<meta property=\"og:image\" content=\"https:\/\/ecotalleres.es\/wp-content\/uploads\/2021\/06\/CALENDULA-5-scaled.jpg\" \/>\n\t<meta property=\"og:image:width\" content=\"2560\" \/>\n\t<meta property=\"og:image:height\" content=\"2184\" \/>\n\t<meta property=\"og:image:type\" content=\"image\/jpeg\" \/>\n<meta name=\"twitter:card\" content=\"summary_large_image\" \/>\n<meta name=\"twitter:label1\" content=\"Tiempo de lectura\" \/>\n\t<meta name=\"twitter:data1\" content=\"4 minutos\" \/>\n<script type=\"application\/ld+json\" class=\"yoast-schema-graph\">{\"@context\":\"https:\\\/\\\/schema.org\",\"@graph\":[{\"@type\":\"WebPage\",\"@id\":\"https:\\\/\\\/ecotalleres.es\\\/?product=balsamo-de-julia\",\"url\":\"https:\\\/\\\/ecotalleres.es\\\/?product=balsamo-de-julia\",\"name\":\"B\u00c1LSAMO DE JULIA - ECOTALLERES\",\"isPartOf\":{\"@id\":\"https:\\\/\\\/ecotalleres.es\\\/#website\"},\"primaryImageOfPage\":{\"@id\":\"https:\\\/\\\/ecotalleres.es\\\/?product=balsamo-de-julia#primaryimage\"},\"image\":{\"@id\":\"https:\\\/\\\/ecotalleres.es\\\/?product=balsamo-de-julia#primaryimage\"},\"thumbnailUrl\":\"https:\\\/\\\/ecotalleres.es\\\/wp-content\\\/uploads\\\/2021\\\/06\\\/CALENDULA-5-scaled.jpg\",\"datePublished\":\"2024-10-20T09:55:03+00:00\",\"dateModified\":\"2024-10-20T10:00:07+00:00\",\"breadcrumb\":{\"@id\":\"https:\\\/\\\/ecotalleres.es\\\/?product=balsamo-de-julia#breadcrumb\"},\"inLanguage\":\"es\",\"potentialAction\":[{\"@type\":\"ReadAction\",\"target\":[\"https:\\\/\\\/ecotalleres.es\\\/?product=balsamo-de-julia\"]}]},{\"@type\":\"ImageObject\",\"inLanguage\":\"es\",\"@id\":\"https:\\\/\\\/ecotalleres.es\\\/?product=balsamo-de-julia#primaryimage\",\"url\":\"https:\\\/\\\/ecotalleres.es\\\/wp-content\\\/uploads\\\/2021\\\/06\\\/CALENDULA-5-scaled.jpg\",\"contentUrl\":\"https:\\\/\\\/ecotalleres.es\\\/wp-content\\\/uploads\\\/2021\\\/06\\\/CALENDULA-5-scaled.jpg\",\"width\":2560,\"height\":2184},{\"@type\":\"BreadcrumbList\",\"@id\":\"https:\\\/\\\/ecotalleres.es\\\/?product=balsamo-de-julia#breadcrumb\",\"itemListElement\":[{\"@type\":\"ListItem\",\"position\":1,\"name\":\"Portada\",\"item\":\"https:\\\/\\\/ecotalleres.es\\\/\"},{\"@type\":\"ListItem\",\"position\":2,\"name\":\"Talleres\",\"item\":\"https:\\\/\\\/ecotalleres.es\\\/?page_id=6\"},{\"@type\":\"ListItem\",\"position\":3,\"name\":\"B\u00c1LSAMO DE JULIA\"}]},{\"@type\":\"WebSite\",\"@id\":\"https:\\\/\\\/ecotalleres.es\\\/#website\",\"url\":\"https:\\\/\\\/ecotalleres.es\\\/\",\"name\":\"ECOTALLERES\",\"description\":\"Talleres de plantas medicinales y terapias naturales.\",\"publisher\":{\"@id\":\"https:\\\/\\\/ecotalleres.es\\\/#organization\"},\"potentialAction\":[{\"@type\":\"SearchAction\",\"target\":{\"@type\":\"EntryPoint\",\"urlTemplate\":\"https:\\\/\\\/ecotalleres.es\\\/?s={search_term_string}\"},\"query-input\":{\"@type\":\"PropertyValueSpecification\",\"valueRequired\":true,\"valueName\":\"search_term_string\"}}],\"inLanguage\":\"es\"},{\"@type\":\"Organization\",\"@id\":\"https:\\\/\\\/ecotalleres.es\\\/#organization\",\"name\":\"ECOTALLERES\",\"url\":\"https:\\\/\\\/ecotalleres.es\\\/\",\"logo\":{\"@type\":\"ImageObject\",\"inLanguage\":\"es\",\"@id\":\"https:\\\/\\\/ecotalleres.es\\\/#\\\/schema\\\/logo\\\/image\\\/\",\"url\":\"https:\\\/\\\/ecotalleres.es\\\/wp-content\\\/uploads\\\/2021\\\/05\\\/cropped-LOGO-ECOTALLERES-3-1.png\",\"contentUrl\":\"https:\\\/\\\/ecotalleres.es\\\/wp-content\\\/uploads\\\/2021\\\/05\\\/cropped-LOGO-ECOTALLERES-3-1.png\",\"width\":500,\"height\":312,\"caption\":\"ECOTALLERES\"},\"image\":{\"@id\":\"https:\\\/\\\/ecotalleres.es\\\/#\\\/schema\\\/logo\\\/image\\\/\"}}]}<\/script>\n<!-- \/ Yoast SEO plugin. -->","yoast_head_json":{"title":"B\u00c1LSAMO DE JULIA - ECOTALLERES","robots":{"index":"index","follow":"follow","max-snippet":"max-snippet:-1","max-image-preview":"max-image-preview:large","max-video-preview":"max-video-preview:-1"},"canonical":"https:\/\/ecotalleres.es\/?product=balsamo-de-julia","og_locale":"es_ES","og_type":"article","og_title":"B\u00c1LSAMO DE JULIA - ECOTALLERES","og_description":"B\u00c1LSAMO DE JULIA  ENVASE DE 50 ML. USO T\u00d3PICO ESTE PRODUCTO SE HACE EL PEDIDO POR EMAIL  EL PAGO ES POR TRANSFERENCIA, AL PRECIO DEL PRODUCTO SE DEBE DE A\u00d1ADIR 6 EUROS DE TRANSPORTE..","og_url":"https:\/\/ecotalleres.es\/?product=balsamo-de-julia","og_site_name":"ECOTALLERES","article_modified_time":"2024-10-20T10:00:07+00:00","og_image":[{"width":2560,"height":2184,"url":"https:\/\/ecotalleres.es\/wp-content\/uploads\/2021\/06\/CALENDULA-5-scaled.jpg","type":"image\/jpeg"}],"twitter_card":"summary_large_image","twitter_misc":{"Tiempo de lectura":"4 minutos"},"schema":{"@context":"https:\/\/schema.org","@graph":[{"@type":"WebPage","@id":"https:\/\/ecotalleres.es\/?product=balsamo-de-julia","url":"https:\/\/ecotalleres.es\/?product=balsamo-de-julia","name":"B\u00c1LSAMO DE JULIA - ECOTALLERES","isPartOf":{"@id":"https:\/\/ecotalleres.es\/#website"},"primaryImageOfPage":{"@id":"https:\/\/ecotalleres.es\/?product=balsamo-de-julia#primaryimage"},"image":{"@id":"https:\/\/ecotalleres.es\/?product=balsamo-de-julia#primaryimage"},"thumbnailUrl":"https:\/\/ecotalleres.es\/wp-content\/uploads\/2021\/06\/CALENDULA-5-scaled.jpg","datePublished":"2024-10-20T09:55:03+00:00","dateModified":"2024-10-20T10:00:07+00:00","breadcrumb":{"@id":"https:\/\/ecotalleres.es\/?product=balsamo-de-julia#breadcrumb"},"inLanguage":"es","potentialAction":[{"@type":"ReadAction","target":["https:\/\/ecotalleres.es\/?product=balsamo-de-julia"]}]},{"@type":"ImageObject","inLanguage":"es","@id":"https:\/\/ecotalleres.es\/?product=balsamo-de-julia#primaryimage","url":"https:\/\/ecotalleres.es\/wp-content\/uploads\/2021\/06\/CALENDULA-5-scaled.jpg","contentUrl":"https:\/\/ecotalleres.es\/wp-content\/uploads\/2021\/06\/CALENDULA-5-scaled.jpg","width":2560,"height":2184},{"@type":"BreadcrumbList","@id":"https:\/\/ecotalleres.es\/?product=balsamo-de-julia#breadcrumb","itemListElement":[{"@type":"ListItem","position":1,"name":"Portada","item":"https:\/\/ecotalleres.es\/"},{"@type":"ListItem","position":2,"name":"Talleres","item":"https:\/\/ecotalleres.es\/?page_id=6"},{"@type":"ListItem","position":3,"name":"B\u00c1LSAMO DE JULIA"}]},{"@type":"WebSite","@id":"https:\/\/ecotalleres.es\/#website","url":"https:\/\/ecotalleres.es\/","name":"ECOTALLERES","description":"Talleres de plantas medicinales y terapias naturales.","publisher":{"@id":"https:\/\/ecotalleres.es\/#organization"},"potentialAction":[{"@type":"SearchAction","target":{"@type":"EntryPoint","urlTemplate":"https:\/\/ecotalleres.es\/?s={search_term_string}"},"query-input":{"@type":"PropertyValueSpecification","valueRequired":true,"valueName":"search_term_string"}}],"inLanguage":"es"},{"@type":"Organization","@id":"https:\/\/ecotalleres.es\/#organization","name":"ECOTALLERES","url":"https:\/\/ecotalleres.es\/","logo":{"@type":"ImageObject","inLanguage":"es","@id":"https:\/\/ecotalleres.es\/#\/schema\/logo\/image\/","url":"https:\/\/ecotalleres.es\/wp-content\/uploads\/2021\/05\/cropped-LOGO-ECOTALLERES-3-1.png","contentUrl":"https:\/\/ecotalleres.es\/wp-content\/uploads\/2021\/05\/cropped-LOGO-ECOTALLERES-3-1.png","width":500,"height":312,"caption":"ECOTALLERES"},"image":{"@id":"https:\/\/ecotalleres.es\/#\/schema\/logo\/image\/"}}]}},"_links":{"self":[{"href":"https:\/\/ecotalleres.es\/index.php?rest_route=\/wp\/v2\/product\/1681","targetHints":{"allow":["GET"]}}],"collection":[{"href":"https:\/\/ecotalleres.es\/index.php?rest_route=\/wp\/v2\/product"}],"about":[{"href":"https:\/\/ecotalleres.es\/index.php?rest_route=\/wp\/v2\/types\/product"}],"replies":[{"embeddable":true,"href":"https:\/\/ecotalleres.es\/index.php?rest_route=%2Fwp%2Fv2%2Fcomments&post=1681"}],"wp:featuredmedia":[{"embeddable":true,"href":"https:\/\/ecotalleres.es\/index.php?rest_route=\/wp\/v2\/media\/1027"}],"wp:attachment":[{"href":"https:\/\/ecotalleres.es\/index.php?rest_route=%2Fwp%2Fv2%2Fmedia&parent=1681"}],"wp:term":[{"taxonomy":"product_brand","embeddable":true,"href":"https:\/\/ecotalleres.es\/index.php?rest_route=%2Fwp%2Fv2%2Fproduct_brand&post=1681"},{"taxonomy":"product_cat","embeddable":true,"href":"https:\/\/ecotalleres.es\/index.php?rest_route=%2Fwp%2Fv2%2Fproduct_cat&post=1681"},{"taxonomy":"product_tag","embeddable":true,"href":"https:\/\/ecotalleres.es\/index.php?rest_route=%2Fwp%2Fv2%2Fproduct_tag&post=1681"}],"curies":[{"name":"wp","href":"https:\/\/api.w.org\/{rel}","templated":true}]}}