{"id":1631,"date":"2024-10-11T15:53:18","date_gmt":"2024-10-11T15:53:18","guid":{"rendered":"https:\/\/ecotalleres.es\/?post_type=product&#038;p=1631"},"modified":"2026-02-14T20:03:28","modified_gmt":"2026-02-14T20:03:28","slug":"opciones-de-compra","status":"publish","type":"product","link":"https:\/\/ecotalleres.es\/?product=opciones-de-compra","title":{"rendered":"OPCIONES DE COMPRA"},"content":{"rendered":"<p><strong>NO ES NECESARIO NI QUE TE REGISTRES NI QUE CREES UNA CUENTA. ELIGES LOS PRODUCTOS QUE QUIERES. ENV\u00cdAS UN CORREO A UNO DE ESTOS DOS EMAILS INDICADOS M\u00c1S ABAJO CON LO QUE QUIERES, Y RECIBIR\u00c1S A TU CORREO ELECTR\u00d3NICO LA RESPUESTA DEL ENV\u00cdO DE TU PEDIDO.<\/strong><\/p>\n<p>EMAILS:<\/p>\n<p><a href=\"mailto:ecotalleres47@yahoo.com\">ecotalleres47@yahoo.com<\/a><\/p>\n<p><a href=\"mailto:doncellayjuliaconamor@yahoo.com\">doncellayjuliaconamor@yahoo.com<\/a><\/p>\n<p>&nbsp;<\/p>\n<p>Precios orientativos de gastos de env\u00edos:<\/p>\n<p>Para el libro en papel \u201cDoncella y Julia con amor desde 1 a 4 ejemplares\u201d es de 5 euros.<\/p>\n<p>El libro digital o EPUB se env\u00eda por correo electr\u00f3nico.<\/p>\n<p>Para los videos cursos hay dos opciones: la primera se te env\u00eda los enlaces a tu correo electr\u00f3nico que est\u00e1n en YouTube, y la segunda, si lo quieres en USB, los gastos de env\u00edo son de 5 euros m\u00e1s el precio del USB que oscila seg\u00fan su calidad y memoria desde 6 a 11 euros.<\/p>\n<p><span style=\"color: #ff0000;\"><strong>IMPORTANTE: DESDE QUE T\u00da ENV\u00cdAS TU CORREO, SE TARDA DESDE 24 A 48 HORAS EN RECIBIR LA RESPUESTA DE TU PEDIDO.<\/strong><\/span><\/p>\n<p>&nbsp;<\/p>\n","protected":false},"excerpt":{"rendered":"<h3 style=\"text-align: center;\"><span style=\"color: #ff0000;\"><strong>PAGOS: POR TRANSFERENCIA<\/strong><\/span><\/h3>\n","protected":false},"featured_media":850,"comment_status":"open","ping_status":"closed","template":"","meta":{"_monsterinsights_skip_tracking":false,"_monsterinsights_sitenote_active":false,"_monsterinsights_sitenote_note":"","_monsterinsights_sitenote_category":0,"site-sidebar-layout":"default","site-content-layout":"","ast-site-content-layout":"default","site-content-style":"default","site-sidebar-style":"default","ast-global-header-display":"","ast-banner-title-visibility":"","ast-main-header-display":"","ast-hfb-above-header-display":"","ast-hfb-below-header-display":"","ast-hfb-mobile-header-display":"","site-post-title":"","ast-breadcrumbs-content":"","ast-featured-img":"","footer-sml-layout":"","ast-disable-related-posts":"","theme-transparent-header-meta":"default","adv-header-id-meta":"","stick-header-meta":"","header-above-stick-meta":"","header-main-stick-meta":"","header-below-stick-meta":"","astra-migrate-meta-layouts":"set","ast-page-background-enabled":"default","ast-page-background-meta":{"desktop":{"background-color":"","background-image":"","background-repeat":"repeat","background-position":"center center","background-size":"auto","background-attachment":"scroll","background-type":"","background-media":"","overlay-type":"","overlay-color":"","overlay-opacity":"","overlay-gradient":""},"tablet":{"background-color":"","background-image":"","background-repeat":"repeat","background-position":"center center","background-size":"auto","background-attachment":"scroll","background-type":"","background-media":"","overlay-type":"","overlay-color":"","overlay-opacity":"","overlay-gradient":""},"mobile":{"background-color":"","background-image":"","background-repeat":"repeat","background-position":"center center","background-size":"auto","background-attachment":"scroll","background-type":"","background-media":"","overlay-type":"","overlay-color":"","overlay-opacity":"","overlay-gradient":""}},"ast-content-background-meta":{"desktop":{"background-color":"var(--ast-global-color-5)","background-image":"","background-repeat":"repeat","background-position":"center center","background-size":"auto","background-attachment":"scroll","background-type":"","background-media":"","overlay-type":"","overlay-color":"","overlay-opacity":"","overlay-gradient":""},"tablet":{"background-color":"var(--ast-global-color-5)","background-image":"","background-repeat":"repeat","background-position":"center center","background-size":"auto","background-attachment":"scroll","background-type":"","background-media":"","overlay-type":"","overlay-color":"","overlay-opacity":"","overlay-gradient":""},"mobile":{"background-color":"var(--ast-global-color-5)","background-image":"","background-repeat":"repeat","background-position":"center center","background-size":"auto","background-attachment":"scroll","background-type":"","background-media":"","overlay-type":"","overlay-color":"","overlay-opacity":"","overlay-gradient":""}}},"product_brand":[],"product_cat":[15],"product_tag":[],"class_list":{"0":"post-1631","1":"product","2":"type-product","3":"status-publish","4":"has-post-thumbnail","6":"product_cat-sin-categorizar","7":"desktop-align-left","8":"tablet-align-left","9":"mobile-align-left","11":"first","12":"instock","13":"virtual","14":"taxable","15":"product-type-simple"},"yoast_head":"<!-- This site is optimized with the Yoast SEO plugin v27.3 - https:\/\/yoast.com\/product\/yoast-seo-wordpress\/ -->\n<title>OPCIONES DE COMPRA - ECOTALLERES<\/title>\n<meta name=\"robots\" content=\"index, follow, max-snippet:-1, max-image-preview:large, max-video-preview:-1\" \/>\n<link rel=\"canonical\" href=\"https:\/\/ecotalleres.es\/?product=opciones-de-compra\" \/>\n<meta property=\"og:locale\" content=\"es_ES\" \/>\n<meta property=\"og:type\" content=\"article\" \/>\n<meta property=\"og:title\" content=\"OPCIONES DE COMPRA - ECOTALLERES\" \/>\n<meta property=\"og:description\" content=\"PAGOS: POR TRANSFERENCIA\" \/>\n<meta property=\"og:url\" content=\"https:\/\/ecotalleres.es\/?product=opciones-de-compra\" \/>\n<meta property=\"og:site_name\" content=\"ECOTALLERES\" \/>\n<meta property=\"article:modified_time\" content=\"2026-02-14T20:03:28+00:00\" \/>\n<meta property=\"og:image\" content=\"https:\/\/ecotalleres.es\/wp-content\/uploads\/2021\/05\/LOGOECOTALLERES3.png\" \/>\n\t<meta property=\"og:image:width\" content=\"500\" \/>\n\t<meta property=\"og:image:height\" content=\"500\" \/>\n\t<meta property=\"og:image:type\" content=\"image\/png\" \/>\n<meta name=\"twitter:card\" content=\"summary_large_image\" \/>\n<meta name=\"twitter:label1\" content=\"Tiempo de lectura\" \/>\n\t<meta name=\"twitter:data1\" content=\"1 minuto\" \/>\n<script type=\"application\/ld+json\" class=\"yoast-schema-graph\">{\"@context\":\"https:\\\/\\\/schema.org\",\"@graph\":[{\"@type\":\"WebPage\",\"@id\":\"https:\\\/\\\/ecotalleres.es\\\/?product=opciones-de-compra\",\"url\":\"https:\\\/\\\/ecotalleres.es\\\/?product=opciones-de-compra\",\"name\":\"OPCIONES DE COMPRA - ECOTALLERES\",\"isPartOf\":{\"@id\":\"https:\\\/\\\/ecotalleres.es\\\/#website\"},\"primaryImageOfPage\":{\"@id\":\"https:\\\/\\\/ecotalleres.es\\\/?product=opciones-de-compra#primaryimage\"},\"image\":{\"@id\":\"https:\\\/\\\/ecotalleres.es\\\/?product=opciones-de-compra#primaryimage\"},\"thumbnailUrl\":\"https:\\\/\\\/ecotalleres.es\\\/wp-content\\\/uploads\\\/2021\\\/05\\\/LOGOECOTALLERES3.png\",\"datePublished\":\"2024-10-11T15:53:18+00:00\",\"dateModified\":\"2026-02-14T20:03:28+00:00\",\"breadcrumb\":{\"@id\":\"https:\\\/\\\/ecotalleres.es\\\/?product=opciones-de-compra#breadcrumb\"},\"inLanguage\":\"es\",\"potentialAction\":[{\"@type\":\"ReadAction\",\"target\":[\"https:\\\/\\\/ecotalleres.es\\\/?product=opciones-de-compra\"]}]},{\"@type\":\"ImageObject\",\"inLanguage\":\"es\",\"@id\":\"https:\\\/\\\/ecotalleres.es\\\/?product=opciones-de-compra#primaryimage\",\"url\":\"https:\\\/\\\/ecotalleres.es\\\/wp-content\\\/uploads\\\/2021\\\/05\\\/LOGOECOTALLERES3.png\",\"contentUrl\":\"https:\\\/\\\/ecotalleres.es\\\/wp-content\\\/uploads\\\/2021\\\/05\\\/LOGOECOTALLERES3.png\",\"width\":500,\"height\":500},{\"@type\":\"BreadcrumbList\",\"@id\":\"https:\\\/\\\/ecotalleres.es\\\/?product=opciones-de-compra#breadcrumb\",\"itemListElement\":[{\"@type\":\"ListItem\",\"position\":1,\"name\":\"Portada\",\"item\":\"https:\\\/\\\/ecotalleres.es\\\/\"},{\"@type\":\"ListItem\",\"position\":2,\"name\":\"Talleres\",\"item\":\"https:\\\/\\\/ecotalleres.es\\\/?page_id=6\"},{\"@type\":\"ListItem\",\"position\":3,\"name\":\"OPCIONES DE COMPRA\"}]},{\"@type\":\"WebSite\",\"@id\":\"https:\\\/\\\/ecotalleres.es\\\/#website\",\"url\":\"https:\\\/\\\/ecotalleres.es\\\/\",\"name\":\"ECOTALLERES\",\"description\":\"Talleres de plantas medicinales y terapias naturales.\",\"publisher\":{\"@id\":\"https:\\\/\\\/ecotalleres.es\\\/#organization\"},\"potentialAction\":[{\"@type\":\"SearchAction\",\"target\":{\"@type\":\"EntryPoint\",\"urlTemplate\":\"https:\\\/\\\/ecotalleres.es\\\/?s={search_term_string}\"},\"query-input\":{\"@type\":\"PropertyValueSpecification\",\"valueRequired\":true,\"valueName\":\"search_term_string\"}}],\"inLanguage\":\"es\"},{\"@type\":\"Organization\",\"@id\":\"https:\\\/\\\/ecotalleres.es\\\/#organization\",\"name\":\"ECOTALLERES\",\"url\":\"https:\\\/\\\/ecotalleres.es\\\/\",\"logo\":{\"@type\":\"ImageObject\",\"inLanguage\":\"es\",\"@id\":\"https:\\\/\\\/ecotalleres.es\\\/#\\\/schema\\\/logo\\\/image\\\/\",\"url\":\"https:\\\/\\\/ecotalleres.es\\\/wp-content\\\/uploads\\\/2021\\\/05\\\/cropped-LOGO-ECOTALLERES-3-1.png\",\"contentUrl\":\"https:\\\/\\\/ecotalleres.es\\\/wp-content\\\/uploads\\\/2021\\\/05\\\/cropped-LOGO-ECOTALLERES-3-1.png\",\"width\":500,\"height\":312,\"caption\":\"ECOTALLERES\"},\"image\":{\"@id\":\"https:\\\/\\\/ecotalleres.es\\\/#\\\/schema\\\/logo\\\/image\\\/\"}}]}<\/script>\n<!-- \/ Yoast SEO plugin. -->","yoast_head_json":{"title":"OPCIONES DE COMPRA - ECOTALLERES","robots":{"index":"index","follow":"follow","max-snippet":"max-snippet:-1","max-image-preview":"max-image-preview:large","max-video-preview":"max-video-preview:-1"},"canonical":"https:\/\/ecotalleres.es\/?product=opciones-de-compra","og_locale":"es_ES","og_type":"article","og_title":"OPCIONES DE COMPRA - ECOTALLERES","og_description":"PAGOS: POR TRANSFERENCIA","og_url":"https:\/\/ecotalleres.es\/?product=opciones-de-compra","og_site_name":"ECOTALLERES","article_modified_time":"2026-02-14T20:03:28+00:00","og_image":[{"width":500,"height":500,"url":"https:\/\/ecotalleres.es\/wp-content\/uploads\/2021\/05\/LOGOECOTALLERES3.png","type":"image\/png"}],"twitter_card":"summary_large_image","twitter_misc":{"Tiempo de lectura":"1 minuto"},"schema":{"@context":"https:\/\/schema.org","@graph":[{"@type":"WebPage","@id":"https:\/\/ecotalleres.es\/?product=opciones-de-compra","url":"https:\/\/ecotalleres.es\/?product=opciones-de-compra","name":"OPCIONES DE COMPRA - ECOTALLERES","isPartOf":{"@id":"https:\/\/ecotalleres.es\/#website"},"primaryImageOfPage":{"@id":"https:\/\/ecotalleres.es\/?product=opciones-de-compra#primaryimage"},"image":{"@id":"https:\/\/ecotalleres.es\/?product=opciones-de-compra#primaryimage"},"thumbnailUrl":"https:\/\/ecotalleres.es\/wp-content\/uploads\/2021\/05\/LOGOECOTALLERES3.png","datePublished":"2024-10-11T15:53:18+00:00","dateModified":"2026-02-14T20:03:28+00:00","breadcrumb":{"@id":"https:\/\/ecotalleres.es\/?product=opciones-de-compra#breadcrumb"},"inLanguage":"es","potentialAction":[{"@type":"ReadAction","target":["https:\/\/ecotalleres.es\/?product=opciones-de-compra"]}]},{"@type":"ImageObject","inLanguage":"es","@id":"https:\/\/ecotalleres.es\/?product=opciones-de-compra#primaryimage","url":"https:\/\/ecotalleres.es\/wp-content\/uploads\/2021\/05\/LOGOECOTALLERES3.png","contentUrl":"https:\/\/ecotalleres.es\/wp-content\/uploads\/2021\/05\/LOGOECOTALLERES3.png","width":500,"height":500},{"@type":"BreadcrumbList","@id":"https:\/\/ecotalleres.es\/?product=opciones-de-compra#breadcrumb","itemListElement":[{"@type":"ListItem","position":1,"name":"Portada","item":"https:\/\/ecotalleres.es\/"},{"@type":"ListItem","position":2,"name":"Talleres","item":"https:\/\/ecotalleres.es\/?page_id=6"},{"@type":"ListItem","position":3,"name":"OPCIONES DE COMPRA"}]},{"@type":"WebSite","@id":"https:\/\/ecotalleres.es\/#website","url":"https:\/\/ecotalleres.es\/","name":"ECOTALLERES","description":"Talleres de plantas medicinales y terapias naturales.","publisher":{"@id":"https:\/\/ecotalleres.es\/#organization"},"potentialAction":[{"@type":"SearchAction","target":{"@type":"EntryPoint","urlTemplate":"https:\/\/ecotalleres.es\/?s={search_term_string}"},"query-input":{"@type":"PropertyValueSpecification","valueRequired":true,"valueName":"search_term_string"}}],"inLanguage":"es"},{"@type":"Organization","@id":"https:\/\/ecotalleres.es\/#organization","name":"ECOTALLERES","url":"https:\/\/ecotalleres.es\/","logo":{"@type":"ImageObject","inLanguage":"es","@id":"https:\/\/ecotalleres.es\/#\/schema\/logo\/image\/","url":"https:\/\/ecotalleres.es\/wp-content\/uploads\/2021\/05\/cropped-LOGO-ECOTALLERES-3-1.png","contentUrl":"https:\/\/ecotalleres.es\/wp-content\/uploads\/2021\/05\/cropped-LOGO-ECOTALLERES-3-1.png","width":500,"height":312,"caption":"ECOTALLERES"},"image":{"@id":"https:\/\/ecotalleres.es\/#\/schema\/logo\/image\/"}}]}},"_links":{"self":[{"href":"https:\/\/ecotalleres.es\/index.php?rest_route=\/wp\/v2\/product\/1631","targetHints":{"allow":["GET"]}}],"collection":[{"href":"https:\/\/ecotalleres.es\/index.php?rest_route=\/wp\/v2\/product"}],"about":[{"href":"https:\/\/ecotalleres.es\/index.php?rest_route=\/wp\/v2\/types\/product"}],"replies":[{"embeddable":true,"href":"https:\/\/ecotalleres.es\/index.php?rest_route=%2Fwp%2Fv2%2Fcomments&post=1631"}],"wp:featuredmedia":[{"embeddable":true,"href":"https:\/\/ecotalleres.es\/index.php?rest_route=\/wp\/v2\/media\/850"}],"wp:attachment":[{"href":"https:\/\/ecotalleres.es\/index.php?rest_route=%2Fwp%2Fv2%2Fmedia&parent=1631"}],"wp:term":[{"taxonomy":"product_brand","embeddable":true,"href":"https:\/\/ecotalleres.es\/index.php?rest_route=%2Fwp%2Fv2%2Fproduct_brand&post=1631"},{"taxonomy":"product_cat","embeddable":true,"href":"https:\/\/ecotalleres.es\/index.php?rest_route=%2Fwp%2Fv2%2Fproduct_cat&post=1631"},{"taxonomy":"product_tag","embeddable":true,"href":"https:\/\/ecotalleres.es\/index.php?rest_route=%2Fwp%2Fv2%2Fproduct_tag&post=1631"}],"curies":[{"name":"wp","href":"https:\/\/api.w.org\/{rel}","templated":true}]}}