{"id":1621,"date":"2024-10-11T15:09:26","date_gmt":"2024-10-11T15:09:26","guid":{"rendered":"https:\/\/ecotalleres.es\/?post_type=product&#038;p=1621"},"modified":"2025-02-04T15:06:59","modified_gmt":"2025-02-04T15:06:59","slug":"ofertas-de-todos-los-video-cursos","status":"publish","type":"product","link":"https:\/\/ecotalleres.es\/?product=ofertas-de-todos-los-video-cursos","title":{"rendered":"TODOS LOS VIDEO CURSOS"},"content":{"rendered":"<p>&nbsp;<\/p>\n<p><strong>\u2014VIDEO CURSO COSM\u00c9TICA ECO DE CAL\u00c9NDULA \u00abACEITE DE CAL\u00c9NDULA\u00bb<\/strong><\/p>\n<p><strong>\u00a0<\/strong><\/p>\n<p><strong>\u2014VIDEO CURSO BOTICA ECO DE CAL\u00c9NDULA \u00abEXTRACTO DE CAL\u00c9NDULA\u00bb<\/strong><\/p>\n<p><strong>\u00a0<\/strong><\/p>\n<p><strong>\u2014VIDEO CURSO COSM\u00c9TICA ECO ROMERO \u00abACEITE DE ROMERO\u00bb<\/strong><\/p>\n<p><strong>\u00a0<\/strong><\/p>\n<p><strong>\u2014VIDEO CURSO DE COSM\u00c9TICA ECO DE TOMILLO \u00abB\u00c1LSAMO DE TOMILLO\u00bb<\/strong><\/p>\n<p><strong>\u00a0<\/strong><\/p>\n<p><strong>\u2014VIDEO CURSO BOTICA ECO DE TOMILLO \u00abVINO T\u00d3NICO DIGESTIVO\u00bb<\/strong><\/p>\n<h4 style=\"text-align: center;\"><strong>\u00a0<\/strong><\/h4>\n<p><strong>\u2014VIDEO CURSO COSM\u00c9TICA ECO DE LA SALVIA \u00abUNG\u00dcENTO DE SEXUALIDAD\u00bb<\/strong><\/p>\n<p><strong>\u00a0<\/strong><\/p>\n<p><strong>\u2014VIDEO CURSO BOTICA ECO DE LA SALVIA \u00abINFUSI\u00d3N SEXUAL\u00bb<\/strong><\/p>\n<p>&nbsp;<\/p>\n<p>\u2014<strong>VIDEO CURSO COSM\u00c9TICA ECO DEL OLIVO \u00abUNG\u00dcENTO SANTO\u00bb<\/strong><\/p>\n<p><strong>\u00a0<\/strong><\/p>\n<p><strong>\u2014VIDEO CURSO \u00abMASAJE ENERG\u00c9TICO VITAL ESPIRITUAL\u00bb<\/strong><\/p>\n<p><strong>\u00a0<\/strong>(PARA LA COMPRA DE ESTE PRODUCTO SE TIENE QUE PEDIR\u00a0 POR CORREO ELECTR\u00d3NICO A LA DIRECCI\u00d3N DE EMAIL QUE SE INDICA EN CONTACTOS, Y EL PAGO POR TRANSFERENCIA BANCARIA).<\/p>\n","protected":false},"excerpt":{"rendered":"<h4><strong>IMPORTANTE: EN ESTOS VIDEO CURSOS SE APRENDE A CULTIVAR\u00a0 LA VIDA INTERIOR Y PRACTICAR LAS TRES DISCIPLINAS DE LA VIDA ESPIRITUAL COMO SON: LA ORACI\u00d3N, MEDITACI\u00d3N Y CONTEMPLACI\u00d3N. DE UNA MANERA NATURAL, CON LA AYUDA DE LAS PLANTAS Y LA MADRE NATURALEZA<\/strong>.<\/h4>\n","protected":false},"featured_media":737,"comment_status":"open","ping_status":"closed","template":"","meta":{"_monsterinsights_skip_tracking":false,"_monsterinsights_sitenote_active":false,"_monsterinsights_sitenote_note":"","_monsterinsights_sitenote_category":0,"site-sidebar-layout":"default","site-content-layout":"","ast-site-content-layout":"default","site-content-style":"default","site-sidebar-style":"default","ast-global-header-display":"","ast-banner-title-visibility":"","ast-main-header-display":"","ast-hfb-above-header-display":"","ast-hfb-below-header-display":"","ast-hfb-mobile-header-display":"","site-post-title":"","ast-breadcrumbs-content":"","ast-featured-img":"","footer-sml-layout":"","ast-disable-related-posts":"","theme-transparent-header-meta":"default","adv-header-id-meta":"","stick-header-meta":"","header-above-stick-meta":"","header-main-stick-meta":"","header-below-stick-meta":"","astra-migrate-meta-layouts":"set","ast-page-background-enabled":"default","ast-page-background-meta":{"desktop":{"background-color":"","background-image":"","background-repeat":"repeat","background-position":"center center","background-size":"auto","background-attachment":"scroll","background-type":"","background-media":"","overlay-type":"","overlay-color":"","overlay-opacity":"","overlay-gradient":""},"tablet":{"background-color":"","background-image":"","background-repeat":"repeat","background-position":"center center","background-size":"auto","background-attachment":"scroll","background-type":"","background-media":"","overlay-type":"","overlay-color":"","overlay-opacity":"","overlay-gradient":""},"mobile":{"background-color":"","background-image":"","background-repeat":"repeat","background-position":"center center","background-size":"auto","background-attachment":"scroll","background-type":"","background-media":"","overlay-type":"","overlay-color":"","overlay-opacity":"","overlay-gradient":""}},"ast-content-background-meta":{"desktop":{"background-color":"var(--ast-global-color-5)","background-image":"","background-repeat":"repeat","background-position":"center center","background-size":"auto","background-attachment":"scroll","background-type":"","background-media":"","overlay-type":"","overlay-color":"","overlay-opacity":"","overlay-gradient":""},"tablet":{"background-color":"var(--ast-global-color-5)","background-image":"","background-repeat":"repeat","background-position":"center center","background-size":"auto","background-attachment":"scroll","background-type":"","background-media":"","overlay-type":"","overlay-color":"","overlay-opacity":"","overlay-gradient":""},"mobile":{"background-color":"var(--ast-global-color-5)","background-image":"","background-repeat":"repeat","background-position":"center center","background-size":"auto","background-attachment":"scroll","background-type":"","background-media":"","overlay-type":"","overlay-color":"","overlay-opacity":"","overlay-gradient":""}}},"product_brand":[],"product_cat":[27,36,37],"product_tag":[120,122,38,121,46,123],"class_list":{"0":"post-1621","1":"product","2":"type-product","3":"status-publish","4":"has-post-thumbnail","6":"product_cat-videocursos","7":"product_cat-videocursos-masajes","8":"product_cat-videocursos-plantas-medicinales","9":"product_tag-botica-eco","10":"product_tag-contemplacion","11":"product_tag-cosmetica-eco","12":"product_tag-masaje-energetico-vital-espiritual","13":"product_tag-meditacion","14":"product_tag-oracion","15":"desktop-align-left","16":"tablet-align-left","17":"mobile-align-left","19":"first","20":"instock","21":"sale","22":"virtual","23":"taxable","24":"purchasable","25":"product-type-simple"},"yoast_head":"<!-- This site is optimized with the Yoast SEO plugin v27.3 - https:\/\/yoast.com\/product\/yoast-seo-wordpress\/ -->\n<title>TODOS LOS VIDEO CURSOS - ECOTALLERES<\/title>\n<meta name=\"robots\" content=\"index, follow, max-snippet:-1, max-image-preview:large, max-video-preview:-1\" \/>\n<link rel=\"canonical\" href=\"https:\/\/ecotalleres.es\/?product=ofertas-de-todos-los-video-cursos\" \/>\n<meta property=\"og:locale\" content=\"es_ES\" \/>\n<meta property=\"og:type\" content=\"article\" \/>\n<meta property=\"og:title\" content=\"TODOS LOS VIDEO CURSOS - ECOTALLERES\" \/>\n<meta property=\"og:description\" content=\"IMPORTANTE: EN ESTOS VIDEO CURSOS SE APRENDE A CULTIVAR\u00a0 LA VIDA INTERIOR Y PRACTICAR LAS TRES DISCIPLINAS DE LA VIDA ESPIRITUAL COMO SON: LA ORACI\u00d3N, MEDITACI\u00d3N Y CONTEMPLACI\u00d3N. DE UNA MANERA NATURAL, CON LA AYUDA DE LAS PLANTAS Y LA MADRE NATURALEZA.\" \/>\n<meta property=\"og:url\" content=\"https:\/\/ecotalleres.es\/?product=ofertas-de-todos-los-video-cursos\" \/>\n<meta property=\"og:site_name\" content=\"ECOTALLERES\" \/>\n<meta property=\"article:modified_time\" content=\"2025-02-04T15:06:59+00:00\" \/>\n<meta property=\"og:image\" content=\"https:\/\/ecotalleres.es\/wp-content\/uploads\/2021\/05\/MASAJE-VITAL-12-scaled.jpg\" \/>\n\t<meta property=\"og:image:width\" content=\"2560\" \/>\n\t<meta property=\"og:image:height\" content=\"1920\" \/>\n\t<meta property=\"og:image:type\" content=\"image\/jpeg\" \/>\n<meta name=\"twitter:card\" content=\"summary_large_image\" \/>\n<meta name=\"twitter:label1\" content=\"Tiempo de lectura\" \/>\n\t<meta name=\"twitter:data1\" content=\"1 minuto\" \/>\n<script type=\"application\/ld+json\" class=\"yoast-schema-graph\">{\"@context\":\"https:\\\/\\\/schema.org\",\"@graph\":[{\"@type\":\"WebPage\",\"@id\":\"https:\\\/\\\/ecotalleres.es\\\/?product=ofertas-de-todos-los-video-cursos\",\"url\":\"https:\\\/\\\/ecotalleres.es\\\/?product=ofertas-de-todos-los-video-cursos\",\"name\":\"TODOS LOS VIDEO CURSOS - ECOTALLERES\",\"isPartOf\":{\"@id\":\"https:\\\/\\\/ecotalleres.es\\\/#website\"},\"primaryImageOfPage\":{\"@id\":\"https:\\\/\\\/ecotalleres.es\\\/?product=ofertas-de-todos-los-video-cursos#primaryimage\"},\"image\":{\"@id\":\"https:\\\/\\\/ecotalleres.es\\\/?product=ofertas-de-todos-los-video-cursos#primaryimage\"},\"thumbnailUrl\":\"https:\\\/\\\/ecotalleres.es\\\/wp-content\\\/uploads\\\/2021\\\/05\\\/MASAJE-VITAL-12-scaled.jpg\",\"datePublished\":\"2024-10-11T15:09:26+00:00\",\"dateModified\":\"2025-02-04T15:06:59+00:00\",\"breadcrumb\":{\"@id\":\"https:\\\/\\\/ecotalleres.es\\\/?product=ofertas-de-todos-los-video-cursos#breadcrumb\"},\"inLanguage\":\"es\",\"potentialAction\":[{\"@type\":\"ReadAction\",\"target\":[\"https:\\\/\\\/ecotalleres.es\\\/?product=ofertas-de-todos-los-video-cursos\"]}]},{\"@type\":\"ImageObject\",\"inLanguage\":\"es\",\"@id\":\"https:\\\/\\\/ecotalleres.es\\\/?product=ofertas-de-todos-los-video-cursos#primaryimage\",\"url\":\"https:\\\/\\\/ecotalleres.es\\\/wp-content\\\/uploads\\\/2021\\\/05\\\/MASAJE-VITAL-12-scaled.jpg\",\"contentUrl\":\"https:\\\/\\\/ecotalleres.es\\\/wp-content\\\/uploads\\\/2021\\\/05\\\/MASAJE-VITAL-12-scaled.jpg\",\"width\":2560,\"height\":1920},{\"@type\":\"BreadcrumbList\",\"@id\":\"https:\\\/\\\/ecotalleres.es\\\/?product=ofertas-de-todos-los-video-cursos#breadcrumb\",\"itemListElement\":[{\"@type\":\"ListItem\",\"position\":1,\"name\":\"Portada\",\"item\":\"https:\\\/\\\/ecotalleres.es\\\/\"},{\"@type\":\"ListItem\",\"position\":2,\"name\":\"Talleres\",\"item\":\"https:\\\/\\\/ecotalleres.es\\\/?page_id=6\"},{\"@type\":\"ListItem\",\"position\":3,\"name\":\"TODOS LOS VIDEO CURSOS\"}]},{\"@type\":\"WebSite\",\"@id\":\"https:\\\/\\\/ecotalleres.es\\\/#website\",\"url\":\"https:\\\/\\\/ecotalleres.es\\\/\",\"name\":\"ECOTALLERES\",\"description\":\"Talleres de plantas medicinales y terapias naturales.\",\"publisher\":{\"@id\":\"https:\\\/\\\/ecotalleres.es\\\/#organization\"},\"potentialAction\":[{\"@type\":\"SearchAction\",\"target\":{\"@type\":\"EntryPoint\",\"urlTemplate\":\"https:\\\/\\\/ecotalleres.es\\\/?s={search_term_string}\"},\"query-input\":{\"@type\":\"PropertyValueSpecification\",\"valueRequired\":true,\"valueName\":\"search_term_string\"}}],\"inLanguage\":\"es\"},{\"@type\":\"Organization\",\"@id\":\"https:\\\/\\\/ecotalleres.es\\\/#organization\",\"name\":\"ECOTALLERES\",\"url\":\"https:\\\/\\\/ecotalleres.es\\\/\",\"logo\":{\"@type\":\"ImageObject\",\"inLanguage\":\"es\",\"@id\":\"https:\\\/\\\/ecotalleres.es\\\/#\\\/schema\\\/logo\\\/image\\\/\",\"url\":\"https:\\\/\\\/ecotalleres.es\\\/wp-content\\\/uploads\\\/2021\\\/05\\\/cropped-LOGO-ECOTALLERES-3-1.png\",\"contentUrl\":\"https:\\\/\\\/ecotalleres.es\\\/wp-content\\\/uploads\\\/2021\\\/05\\\/cropped-LOGO-ECOTALLERES-3-1.png\",\"width\":500,\"height\":312,\"caption\":\"ECOTALLERES\"},\"image\":{\"@id\":\"https:\\\/\\\/ecotalleres.es\\\/#\\\/schema\\\/logo\\\/image\\\/\"}}]}<\/script>\n<!-- \/ Yoast SEO plugin. -->","yoast_head_json":{"title":"TODOS LOS VIDEO CURSOS - ECOTALLERES","robots":{"index":"index","follow":"follow","max-snippet":"max-snippet:-1","max-image-preview":"max-image-preview:large","max-video-preview":"max-video-preview:-1"},"canonical":"https:\/\/ecotalleres.es\/?product=ofertas-de-todos-los-video-cursos","og_locale":"es_ES","og_type":"article","og_title":"TODOS LOS VIDEO CURSOS - ECOTALLERES","og_description":"IMPORTANTE: EN ESTOS VIDEO CURSOS SE APRENDE A CULTIVAR\u00a0 LA VIDA INTERIOR Y PRACTICAR LAS TRES DISCIPLINAS DE LA VIDA ESPIRITUAL COMO SON: LA ORACI\u00d3N, MEDITACI\u00d3N Y CONTEMPLACI\u00d3N. DE UNA MANERA NATURAL, CON LA AYUDA DE LAS PLANTAS Y LA MADRE NATURALEZA.","og_url":"https:\/\/ecotalleres.es\/?product=ofertas-de-todos-los-video-cursos","og_site_name":"ECOTALLERES","article_modified_time":"2025-02-04T15:06:59+00:00","og_image":[{"width":2560,"height":1920,"url":"https:\/\/ecotalleres.es\/wp-content\/uploads\/2021\/05\/MASAJE-VITAL-12-scaled.jpg","type":"image\/jpeg"}],"twitter_card":"summary_large_image","twitter_misc":{"Tiempo de lectura":"1 minuto"},"schema":{"@context":"https:\/\/schema.org","@graph":[{"@type":"WebPage","@id":"https:\/\/ecotalleres.es\/?product=ofertas-de-todos-los-video-cursos","url":"https:\/\/ecotalleres.es\/?product=ofertas-de-todos-los-video-cursos","name":"TODOS LOS VIDEO CURSOS - ECOTALLERES","isPartOf":{"@id":"https:\/\/ecotalleres.es\/#website"},"primaryImageOfPage":{"@id":"https:\/\/ecotalleres.es\/?product=ofertas-de-todos-los-video-cursos#primaryimage"},"image":{"@id":"https:\/\/ecotalleres.es\/?product=ofertas-de-todos-los-video-cursos#primaryimage"},"thumbnailUrl":"https:\/\/ecotalleres.es\/wp-content\/uploads\/2021\/05\/MASAJE-VITAL-12-scaled.jpg","datePublished":"2024-10-11T15:09:26+00:00","dateModified":"2025-02-04T15:06:59+00:00","breadcrumb":{"@id":"https:\/\/ecotalleres.es\/?product=ofertas-de-todos-los-video-cursos#breadcrumb"},"inLanguage":"es","potentialAction":[{"@type":"ReadAction","target":["https:\/\/ecotalleres.es\/?product=ofertas-de-todos-los-video-cursos"]}]},{"@type":"ImageObject","inLanguage":"es","@id":"https:\/\/ecotalleres.es\/?product=ofertas-de-todos-los-video-cursos#primaryimage","url":"https:\/\/ecotalleres.es\/wp-content\/uploads\/2021\/05\/MASAJE-VITAL-12-scaled.jpg","contentUrl":"https:\/\/ecotalleres.es\/wp-content\/uploads\/2021\/05\/MASAJE-VITAL-12-scaled.jpg","width":2560,"height":1920},{"@type":"BreadcrumbList","@id":"https:\/\/ecotalleres.es\/?product=ofertas-de-todos-los-video-cursos#breadcrumb","itemListElement":[{"@type":"ListItem","position":1,"name":"Portada","item":"https:\/\/ecotalleres.es\/"},{"@type":"ListItem","position":2,"name":"Talleres","item":"https:\/\/ecotalleres.es\/?page_id=6"},{"@type":"ListItem","position":3,"name":"TODOS LOS VIDEO CURSOS"}]},{"@type":"WebSite","@id":"https:\/\/ecotalleres.es\/#website","url":"https:\/\/ecotalleres.es\/","name":"ECOTALLERES","description":"Talleres de plantas medicinales y terapias naturales.","publisher":{"@id":"https:\/\/ecotalleres.es\/#organization"},"potentialAction":[{"@type":"SearchAction","target":{"@type":"EntryPoint","urlTemplate":"https:\/\/ecotalleres.es\/?s={search_term_string}"},"query-input":{"@type":"PropertyValueSpecification","valueRequired":true,"valueName":"search_term_string"}}],"inLanguage":"es"},{"@type":"Organization","@id":"https:\/\/ecotalleres.es\/#organization","name":"ECOTALLERES","url":"https:\/\/ecotalleres.es\/","logo":{"@type":"ImageObject","inLanguage":"es","@id":"https:\/\/ecotalleres.es\/#\/schema\/logo\/image\/","url":"https:\/\/ecotalleres.es\/wp-content\/uploads\/2021\/05\/cropped-LOGO-ECOTALLERES-3-1.png","contentUrl":"https:\/\/ecotalleres.es\/wp-content\/uploads\/2021\/05\/cropped-LOGO-ECOTALLERES-3-1.png","width":500,"height":312,"caption":"ECOTALLERES"},"image":{"@id":"https:\/\/ecotalleres.es\/#\/schema\/logo\/image\/"}}]}},"_links":{"self":[{"href":"https:\/\/ecotalleres.es\/index.php?rest_route=\/wp\/v2\/product\/1621","targetHints":{"allow":["GET"]}}],"collection":[{"href":"https:\/\/ecotalleres.es\/index.php?rest_route=\/wp\/v2\/product"}],"about":[{"href":"https:\/\/ecotalleres.es\/index.php?rest_route=\/wp\/v2\/types\/product"}],"replies":[{"embeddable":true,"href":"https:\/\/ecotalleres.es\/index.php?rest_route=%2Fwp%2Fv2%2Fcomments&post=1621"}],"wp:featuredmedia":[{"embeddable":true,"href":"https:\/\/ecotalleres.es\/index.php?rest_route=\/wp\/v2\/media\/737"}],"wp:attachment":[{"href":"https:\/\/ecotalleres.es\/index.php?rest_route=%2Fwp%2Fv2%2Fmedia&parent=1621"}],"wp:term":[{"taxonomy":"product_brand","embeddable":true,"href":"https:\/\/ecotalleres.es\/index.php?rest_route=%2Fwp%2Fv2%2Fproduct_brand&post=1621"},{"taxonomy":"product_cat","embeddable":true,"href":"https:\/\/ecotalleres.es\/index.php?rest_route=%2Fwp%2Fv2%2Fproduct_cat&post=1621"},{"taxonomy":"product_tag","embeddable":true,"href":"https:\/\/ecotalleres.es\/index.php?rest_route=%2Fwp%2Fv2%2Fproduct_tag&post=1621"}],"curies":[{"name":"wp","href":"https:\/\/api.w.org\/{rel}","templated":true}]}}