{"id":1580,"date":"2024-09-30T13:50:11","date_gmt":"2024-09-30T13:50:11","guid":{"rendered":"https:\/\/ecotalleres.es\/?post_type=product&#038;p=1580"},"modified":"2026-03-04T15:15:09","modified_gmt":"2026-03-04T15:15:09","slug":"doncella-y-julia-con-amor","status":"publish","type":"product","link":"https:\/\/ecotalleres.es\/?product=doncella-y-julia-con-amor","title":{"rendered":"DONCELLA Y JULIA CON AMOR"},"content":{"rendered":"<h5>\u00a0 \u00a0 Una novela con personajes, escenas, ambiente y lugares, todos ellos cargados e inflamados del verdadero amor.<\/h5>\n<h5>\u00a0\u00a0\u00a0 La historia arranca a principios del siglo XIX y recorre bastantes generaciones hasta terminar en el primer cuarto del siglo XXI.<\/h5>\n<h5>\u00a0\u00a0\u00a0 Este relato nos habla de seis pasionales mujeres enamoradas que viven en \u00e9pocas diferentes, aunque conectadas con un v\u00ednculo llamado amor. El testimonio de sus vidas concentra los valores y virtudes m\u00e1s deseadas por las almas de cualquier universo.<\/h5>\n<h5>\u00a0\u00a0\u00a0 El testimonio de sus vidas, con el relato de sus historias, se convierte en un b\u00e1lsamo vital para curar las heridas del alma, los desgarros, los traumas y los duros golpes que la vida nos da.<\/h5>\n<h5>\u00a0 \u00a0El sufrimiento, el sacrificio, el mucho dolor que estas seis mujeres tuvieron que pasar en toda su vida, la lucha, su fe, la esperanza con que soportaron las muchas duras pruebas que la vida les quiso poner. Las ha dotado del mayor de los regalos que es el poder, la virtud de compartir con sus semejantes la verdadera medicina del AMOR que todo lo cura.<\/h5>\n<h5>\u00a0 \u00a0Todas estas historias, personajes, escenas, ambiente y lugares, se desarrollan en la muy ilustre, noble y rom\u00e1ntica ciudad de Guadalajara, al igual que en las muy nobles, ilustres y sabias villas de Valdeconcha, Hueva, Pastrana y Moratilla de los Meleros. (Espa\u00f1a).<\/h5>\n<h5><strong>En el epicentro de muchas escenas e historias narradas se encuentra el muy noble, ardiente y sabio barrio del Alam\u00edn (Guadalajara, capital).<\/strong><\/h5>\n<p>&nbsp;<\/p>\n<h5><\/h5>\n","protected":false},"excerpt":{"rendered":"<h5 style=\"text-align: left;\">\u00a0\u00a0<span style=\"color: #0000ff;\">\u00a0 <strong>U<\/strong><strong>na<\/strong> <strong>historia rom\u00e1ntica de la vida real de seis bell\u00edsimas y sabias mujeres inflamadas del verdadero amor, que vivieron en \u00e9pocas diferentes, desde el siglo XVIII hasta el XXI. Ellas y solo ellas trasformaron la vida y la suerte de much\u00edsimas personas.<\/strong><\/span><\/h5>\n<p><strong><span style=\"color: #ff0000;\">(Al precio del libro se debe de a\u00f1adir los gastos de env\u00edo, 1,40 \u20ac por libro).<\/span><\/strong><\/p>\n<p>FICHA T\u00c9CNICA PARA EL LIBRO EN PAPEL<br \/>\nTEM\u00c1TICA. Novela con variedad de g\u00e9neros: rom\u00e1ntico, dram\u00e1tico, hist\u00f3rico, did\u00e1ctico, \u00e9pico, misterioso y l\u00edrico<br \/>\nPUBLICACI\u00d3N: 7 de agosto del 2024<br \/>\nISBN: 978-84-09-64083-6<br \/>\nFORMATO: 170X240 mm.<br \/>\nPAPEL CUBIERTA: Estucado tapa blanda con<br \/>\nsolapas de 8 mm y glasofonada brillo<br \/>\nPAPEL INTERIOR: Ahuesado en blanco y negro<br \/>\nP\u00c1GINAS: 492<\/p>\n<p>&nbsp;<\/p>\n","protected":false},"featured_media":1579,"comment_status":"open","ping_status":"closed","template":"","meta":{"_monsterinsights_skip_tracking":false,"_monsterinsights_sitenote_active":false,"_monsterinsights_sitenote_note":"","_monsterinsights_sitenote_category":0,"site-sidebar-layout":"default","site-content-layout":"","ast-site-content-layout":"default","site-content-style":"default","site-sidebar-style":"default","ast-global-header-display":"","ast-banner-title-visibility":"","ast-main-header-display":"","ast-hfb-above-header-display":"","ast-hfb-below-header-display":"","ast-hfb-mobile-header-display":"","site-post-title":"","ast-breadcrumbs-content":"","ast-featured-img":"","footer-sml-layout":"","ast-disable-related-posts":"","theme-transparent-header-meta":"default","adv-header-id-meta":"","stick-header-meta":"","header-above-stick-meta":"","header-main-stick-meta":"","header-below-stick-meta":"","astra-migrate-meta-layouts":"set","ast-page-background-enabled":"default","ast-page-background-meta":{"desktop":{"background-color":"","background-image":"","background-repeat":"repeat","background-position":"center center","background-size":"auto","background-attachment":"scroll","background-type":"","background-media":"","overlay-type":"","overlay-color":"","overlay-opacity":"","overlay-gradient":""},"tablet":{"background-color":"","background-image":"","background-repeat":"repeat","background-position":"center center","background-size":"auto","background-attachment":"scroll","background-type":"","background-media":"","overlay-type":"","overlay-color":"","overlay-opacity":"","overlay-gradient":""},"mobile":{"background-color":"","background-image":"","background-repeat":"repeat","background-position":"center center","background-size":"auto","background-attachment":"scroll","background-type":"","background-media":"","overlay-type":"","overlay-color":"","overlay-opacity":"","overlay-gradient":""}},"ast-content-background-meta":{"desktop":{"background-color":"var(--ast-global-color-5)","background-image":"","background-repeat":"repeat","background-position":"center center","background-size":"auto","background-attachment":"scroll","background-type":"","background-media":"","overlay-type":"","overlay-color":"","overlay-opacity":"","overlay-gradient":""},"tablet":{"background-color":"var(--ast-global-color-5)","background-image":"","background-repeat":"repeat","background-position":"center center","background-size":"auto","background-attachment":"scroll","background-type":"","background-media":"","overlay-type":"","overlay-color":"","overlay-opacity":"","overlay-gradient":""},"mobile":{"background-color":"var(--ast-global-color-5)","background-image":"","background-repeat":"repeat","background-position":"center center","background-size":"auto","background-attachment":"scroll","background-type":"","background-media":"","overlay-type":"","overlay-color":"","overlay-opacity":"","overlay-gradient":""}}},"product_brand":[],"product_cat":[35],"product_tag":[127,126,129,128,119],"class_list":{"0":"post-1580","1":"product","2":"type-product","3":"status-publish","4":"has-post-thumbnail","6":"product_cat-libros","7":"product_tag-didactica","8":"product_tag-dramatica","9":"product_tag-epica","10":"product_tag-lirica","11":"product_tag-novela-historica-romantica","12":"desktop-align-left","13":"tablet-align-left","14":"mobile-align-left","16":"first","17":"instock","18":"taxable","19":"shipping-taxable","20":"purchasable","21":"product-type-simple"},"yoast_head":"<!-- This site is optimized with the Yoast SEO plugin v27.3 - https:\/\/yoast.com\/product\/yoast-seo-wordpress\/ -->\n<title>DONCELLA Y JULIA CON AMOR - ECOTALLERES<\/title>\n<meta name=\"robots\" content=\"index, follow, max-snippet:-1, max-image-preview:large, max-video-preview:-1\" \/>\n<link rel=\"canonical\" href=\"https:\/\/ecotalleres.es\/?product=doncella-y-julia-con-amor\" \/>\n<meta property=\"og:locale\" content=\"es_ES\" \/>\n<meta property=\"og:type\" content=\"article\" \/>\n<meta property=\"og:title\" content=\"DONCELLA Y JULIA CON AMOR - ECOTALLERES\" \/>\n<meta property=\"og:description\" content=\"\u00a0\u00a0\u00a0 Una historia rom\u00e1ntica de la vida real de seis bell\u00edsimas y sabias mujeres inflamadas del verdadero amor, que vivieron en \u00e9pocas diferentes, desde el siglo XVIII hasta el XXI. Ellas y solo ellas trasformaron la vida y la suerte de much\u00edsimas personas. (Al precio del libro se debe de a\u00f1adir los gastos de env\u00edo, 1,40 \u20ac por libro).  FICHA T\u00c9CNICA PARA EL LIBRO EN PAPEL TEM\u00c1TICA. Novela con variedad de g\u00e9neros: rom\u00e1ntico, dram\u00e1tico, hist\u00f3rico, did\u00e1ctico, \u00e9pico, misterioso y l\u00edrico PUBLICACI\u00d3N: 7 de agosto del 2024 ISBN: 978-84-09-64083-6 FORMATO: 170X240 mm. PAPEL CUBIERTA: Estucado tapa blanda con solapas de 8 mm y glasofonada brillo PAPEL INTERIOR: Ahuesado en blanco y negro P\u00c1GINAS: 492  &nbsp;\" \/>\n<meta property=\"og:url\" content=\"https:\/\/ecotalleres.es\/?product=doncella-y-julia-con-amor\" \/>\n<meta property=\"og:site_name\" content=\"ECOTALLERES\" \/>\n<meta property=\"article:modified_time\" content=\"2026-03-04T15:15:09+00:00\" \/>\n<meta property=\"og:image\" content=\"https:\/\/ecotalleres.es\/wp-content\/uploads\/2024\/09\/FOTO-DE-PORTADA-DONCELLA-Y-JULIA-CON-AMOR-1.png\" \/>\n\t<meta property=\"og:image:width\" content=\"395\" \/>\n\t<meta property=\"og:image:height\" content=\"528\" \/>\n\t<meta property=\"og:image:type\" content=\"image\/png\" \/>\n<meta name=\"twitter:card\" content=\"summary_large_image\" \/>\n<meta name=\"twitter:label1\" content=\"Tiempo de lectura\" \/>\n\t<meta name=\"twitter:data1\" content=\"1 minuto\" \/>\n<script type=\"application\/ld+json\" class=\"yoast-schema-graph\">{\"@context\":\"https:\\\/\\\/schema.org\",\"@graph\":[{\"@type\":\"WebPage\",\"@id\":\"https:\\\/\\\/ecotalleres.es\\\/?product=doncella-y-julia-con-amor\",\"url\":\"https:\\\/\\\/ecotalleres.es\\\/?product=doncella-y-julia-con-amor\",\"name\":\"DONCELLA Y JULIA CON AMOR - ECOTALLERES\",\"isPartOf\":{\"@id\":\"https:\\\/\\\/ecotalleres.es\\\/#website\"},\"primaryImageOfPage\":{\"@id\":\"https:\\\/\\\/ecotalleres.es\\\/?product=doncella-y-julia-con-amor#primaryimage\"},\"image\":{\"@id\":\"https:\\\/\\\/ecotalleres.es\\\/?product=doncella-y-julia-con-amor#primaryimage\"},\"thumbnailUrl\":\"https:\\\/\\\/ecotalleres.es\\\/wp-content\\\/uploads\\\/2024\\\/09\\\/FOTO-DE-PORTADA-DONCELLA-Y-JULIA-CON-AMOR-1.png\",\"datePublished\":\"2024-09-30T13:50:11+00:00\",\"dateModified\":\"2026-03-04T15:15:09+00:00\",\"breadcrumb\":{\"@id\":\"https:\\\/\\\/ecotalleres.es\\\/?product=doncella-y-julia-con-amor#breadcrumb\"},\"inLanguage\":\"es\",\"potentialAction\":[{\"@type\":\"ReadAction\",\"target\":[\"https:\\\/\\\/ecotalleres.es\\\/?product=doncella-y-julia-con-amor\"]}]},{\"@type\":\"ImageObject\",\"inLanguage\":\"es\",\"@id\":\"https:\\\/\\\/ecotalleres.es\\\/?product=doncella-y-julia-con-amor#primaryimage\",\"url\":\"https:\\\/\\\/ecotalleres.es\\\/wp-content\\\/uploads\\\/2024\\\/09\\\/FOTO-DE-PORTADA-DONCELLA-Y-JULIA-CON-AMOR-1.png\",\"contentUrl\":\"https:\\\/\\\/ecotalleres.es\\\/wp-content\\\/uploads\\\/2024\\\/09\\\/FOTO-DE-PORTADA-DONCELLA-Y-JULIA-CON-AMOR-1.png\",\"width\":395,\"height\":528},{\"@type\":\"BreadcrumbList\",\"@id\":\"https:\\\/\\\/ecotalleres.es\\\/?product=doncella-y-julia-con-amor#breadcrumb\",\"itemListElement\":[{\"@type\":\"ListItem\",\"position\":1,\"name\":\"Portada\",\"item\":\"https:\\\/\\\/ecotalleres.es\\\/\"},{\"@type\":\"ListItem\",\"position\":2,\"name\":\"Talleres\",\"item\":\"https:\\\/\\\/ecotalleres.es\\\/?page_id=6\"},{\"@type\":\"ListItem\",\"position\":3,\"name\":\"DONCELLA Y JULIA CON AMOR\"}]},{\"@type\":\"WebSite\",\"@id\":\"https:\\\/\\\/ecotalleres.es\\\/#website\",\"url\":\"https:\\\/\\\/ecotalleres.es\\\/\",\"name\":\"ECOTALLERES\",\"description\":\"Talleres de plantas medicinales y terapias naturales.\",\"publisher\":{\"@id\":\"https:\\\/\\\/ecotalleres.es\\\/#organization\"},\"potentialAction\":[{\"@type\":\"SearchAction\",\"target\":{\"@type\":\"EntryPoint\",\"urlTemplate\":\"https:\\\/\\\/ecotalleres.es\\\/?s={search_term_string}\"},\"query-input\":{\"@type\":\"PropertyValueSpecification\",\"valueRequired\":true,\"valueName\":\"search_term_string\"}}],\"inLanguage\":\"es\"},{\"@type\":\"Organization\",\"@id\":\"https:\\\/\\\/ecotalleres.es\\\/#organization\",\"name\":\"ECOTALLERES\",\"url\":\"https:\\\/\\\/ecotalleres.es\\\/\",\"logo\":{\"@type\":\"ImageObject\",\"inLanguage\":\"es\",\"@id\":\"https:\\\/\\\/ecotalleres.es\\\/#\\\/schema\\\/logo\\\/image\\\/\",\"url\":\"https:\\\/\\\/ecotalleres.es\\\/wp-content\\\/uploads\\\/2021\\\/05\\\/cropped-LOGO-ECOTALLERES-3-1.png\",\"contentUrl\":\"https:\\\/\\\/ecotalleres.es\\\/wp-content\\\/uploads\\\/2021\\\/05\\\/cropped-LOGO-ECOTALLERES-3-1.png\",\"width\":500,\"height\":312,\"caption\":\"ECOTALLERES\"},\"image\":{\"@id\":\"https:\\\/\\\/ecotalleres.es\\\/#\\\/schema\\\/logo\\\/image\\\/\"}}]}<\/script>\n<!-- \/ Yoast SEO plugin. -->","yoast_head_json":{"title":"DONCELLA Y JULIA CON AMOR - ECOTALLERES","robots":{"index":"index","follow":"follow","max-snippet":"max-snippet:-1","max-image-preview":"max-image-preview:large","max-video-preview":"max-video-preview:-1"},"canonical":"https:\/\/ecotalleres.es\/?product=doncella-y-julia-con-amor","og_locale":"es_ES","og_type":"article","og_title":"DONCELLA Y JULIA CON AMOR - ECOTALLERES","og_description":"\u00a0\u00a0\u00a0 Una historia rom\u00e1ntica de la vida real de seis bell\u00edsimas y sabias mujeres inflamadas del verdadero amor, que vivieron en \u00e9pocas diferentes, desde el siglo XVIII hasta el XXI. Ellas y solo ellas trasformaron la vida y la suerte de much\u00edsimas personas. (Al precio del libro se debe de a\u00f1adir los gastos de env\u00edo, 1,40 \u20ac por libro).  FICHA T\u00c9CNICA PARA EL LIBRO EN PAPEL TEM\u00c1TICA. Novela con variedad de g\u00e9neros: rom\u00e1ntico, dram\u00e1tico, hist\u00f3rico, did\u00e1ctico, \u00e9pico, misterioso y l\u00edrico PUBLICACI\u00d3N: 7 de agosto del 2024 ISBN: 978-84-09-64083-6 FORMATO: 170X240 mm. PAPEL CUBIERTA: Estucado tapa blanda con solapas de 8 mm y glasofonada brillo PAPEL INTERIOR: Ahuesado en blanco y negro P\u00c1GINAS: 492  &nbsp;","og_url":"https:\/\/ecotalleres.es\/?product=doncella-y-julia-con-amor","og_site_name":"ECOTALLERES","article_modified_time":"2026-03-04T15:15:09+00:00","og_image":[{"width":395,"height":528,"url":"https:\/\/ecotalleres.es\/wp-content\/uploads\/2024\/09\/FOTO-DE-PORTADA-DONCELLA-Y-JULIA-CON-AMOR-1.png","type":"image\/png"}],"twitter_card":"summary_large_image","twitter_misc":{"Tiempo de lectura":"1 minuto"},"schema":{"@context":"https:\/\/schema.org","@graph":[{"@type":"WebPage","@id":"https:\/\/ecotalleres.es\/?product=doncella-y-julia-con-amor","url":"https:\/\/ecotalleres.es\/?product=doncella-y-julia-con-amor","name":"DONCELLA Y JULIA CON AMOR - ECOTALLERES","isPartOf":{"@id":"https:\/\/ecotalleres.es\/#website"},"primaryImageOfPage":{"@id":"https:\/\/ecotalleres.es\/?product=doncella-y-julia-con-amor#primaryimage"},"image":{"@id":"https:\/\/ecotalleres.es\/?product=doncella-y-julia-con-amor#primaryimage"},"thumbnailUrl":"https:\/\/ecotalleres.es\/wp-content\/uploads\/2024\/09\/FOTO-DE-PORTADA-DONCELLA-Y-JULIA-CON-AMOR-1.png","datePublished":"2024-09-30T13:50:11+00:00","dateModified":"2026-03-04T15:15:09+00:00","breadcrumb":{"@id":"https:\/\/ecotalleres.es\/?product=doncella-y-julia-con-amor#breadcrumb"},"inLanguage":"es","potentialAction":[{"@type":"ReadAction","target":["https:\/\/ecotalleres.es\/?product=doncella-y-julia-con-amor"]}]},{"@type":"ImageObject","inLanguage":"es","@id":"https:\/\/ecotalleres.es\/?product=doncella-y-julia-con-amor#primaryimage","url":"https:\/\/ecotalleres.es\/wp-content\/uploads\/2024\/09\/FOTO-DE-PORTADA-DONCELLA-Y-JULIA-CON-AMOR-1.png","contentUrl":"https:\/\/ecotalleres.es\/wp-content\/uploads\/2024\/09\/FOTO-DE-PORTADA-DONCELLA-Y-JULIA-CON-AMOR-1.png","width":395,"height":528},{"@type":"BreadcrumbList","@id":"https:\/\/ecotalleres.es\/?product=doncella-y-julia-con-amor#breadcrumb","itemListElement":[{"@type":"ListItem","position":1,"name":"Portada","item":"https:\/\/ecotalleres.es\/"},{"@type":"ListItem","position":2,"name":"Talleres","item":"https:\/\/ecotalleres.es\/?page_id=6"},{"@type":"ListItem","position":3,"name":"DONCELLA Y JULIA CON AMOR"}]},{"@type":"WebSite","@id":"https:\/\/ecotalleres.es\/#website","url":"https:\/\/ecotalleres.es\/","name":"ECOTALLERES","description":"Talleres de plantas medicinales y terapias naturales.","publisher":{"@id":"https:\/\/ecotalleres.es\/#organization"},"potentialAction":[{"@type":"SearchAction","target":{"@type":"EntryPoint","urlTemplate":"https:\/\/ecotalleres.es\/?s={search_term_string}"},"query-input":{"@type":"PropertyValueSpecification","valueRequired":true,"valueName":"search_term_string"}}],"inLanguage":"es"},{"@type":"Organization","@id":"https:\/\/ecotalleres.es\/#organization","name":"ECOTALLERES","url":"https:\/\/ecotalleres.es\/","logo":{"@type":"ImageObject","inLanguage":"es","@id":"https:\/\/ecotalleres.es\/#\/schema\/logo\/image\/","url":"https:\/\/ecotalleres.es\/wp-content\/uploads\/2021\/05\/cropped-LOGO-ECOTALLERES-3-1.png","contentUrl":"https:\/\/ecotalleres.es\/wp-content\/uploads\/2021\/05\/cropped-LOGO-ECOTALLERES-3-1.png","width":500,"height":312,"caption":"ECOTALLERES"},"image":{"@id":"https:\/\/ecotalleres.es\/#\/schema\/logo\/image\/"}}]}},"_links":{"self":[{"href":"https:\/\/ecotalleres.es\/index.php?rest_route=\/wp\/v2\/product\/1580","targetHints":{"allow":["GET"]}}],"collection":[{"href":"https:\/\/ecotalleres.es\/index.php?rest_route=\/wp\/v2\/product"}],"about":[{"href":"https:\/\/ecotalleres.es\/index.php?rest_route=\/wp\/v2\/types\/product"}],"replies":[{"embeddable":true,"href":"https:\/\/ecotalleres.es\/index.php?rest_route=%2Fwp%2Fv2%2Fcomments&post=1580"}],"wp:featuredmedia":[{"embeddable":true,"href":"https:\/\/ecotalleres.es\/index.php?rest_route=\/wp\/v2\/media\/1579"}],"wp:attachment":[{"href":"https:\/\/ecotalleres.es\/index.php?rest_route=%2Fwp%2Fv2%2Fmedia&parent=1580"}],"wp:term":[{"taxonomy":"product_brand","embeddable":true,"href":"https:\/\/ecotalleres.es\/index.php?rest_route=%2Fwp%2Fv2%2Fproduct_brand&post=1580"},{"taxonomy":"product_cat","embeddable":true,"href":"https:\/\/ecotalleres.es\/index.php?rest_route=%2Fwp%2Fv2%2Fproduct_cat&post=1580"},{"taxonomy":"product_tag","embeddable":true,"href":"https:\/\/ecotalleres.es\/index.php?rest_route=%2Fwp%2Fv2%2Fproduct_tag&post=1580"}],"curies":[{"name":"wp","href":"https:\/\/api.w.org\/{rel}","templated":true}]}}