{"id":1569,"date":"2024-09-15T10:07:06","date_gmt":"2024-09-15T10:07:06","guid":{"rendered":"https:\/\/ecotalleres.es\/?post_type=product&#038;p=1569"},"modified":"2024-09-17T16:20:12","modified_gmt":"2024-09-17T16:20:12","slug":"enciclopedia-ecotalleres-vida-no-muerte-i-parte","status":"publish","type":"product","link":"https:\/\/ecotalleres.es\/?product=enciclopedia-ecotalleres-vida-no-muerte-i-parte","title":{"rendered":"ENCICLOPEDIA ECOTALLERES \u00a1VIDA NO MUERTE! I PARTE"},"content":{"rendered":"<p><strong>Primer cap\u00edtulo:<\/strong> \u00abfrutos de vida y frutos de muerte\u00bb. En este apartado explico qu\u00e9 son estos frutos y su relaci\u00f3n con los seres vivos. Hago menci\u00f3n de las plantas medicinas, como la cal\u00e9ndula, Su historia, uso, propiedades de la cal\u00e9ndula, beneficios de la cal\u00e9ndula, espiritualidad de la cal\u00e9ndula. Conocer el esp\u00edritu de la cal\u00e9ndula y sus propiedades para nuestra alma.<\/p>\n<p>Por lo tanto, aprender\u00e1s a elaborar productos naturales a trav\u00e9s de \u00abtalleres de cosm\u00e9tica y botica eco de cal\u00e9ndula\u00bb. Se aprende y elabora en el taller de cosm\u00e9tica eco el \u00abaceite de cal\u00e9ndula\u00bb y en el \u00a0taller de botica eco. Se elabora un \u00abextracto de cal\u00e9ndula\u00bb.<br \/>\n<strong>Segundo cap\u00edtulo:<\/strong> \u00abtalleres de alimentaci\u00f3n consciente\u00bb, el romero, planta medicinal. En los talleres se elabora \u00abaceite de romero\u00bb y \u00abalcohol de romero\u00bb.<\/p>\n<p><strong>Tercer cap\u00edtulo:<\/strong> \u00abmeditaci\u00f3n\u00bb. Planta medicinal: el tomillo. Talleres, elaboraci\u00f3n de \u00abb\u00e1lsamo de tomillo y vino t\u00f3nico digestivo\u00bb.<br \/>\n<strong>Cuarto cap\u00edtulo:<\/strong> \u00abmasaje vital\u00bb. Planta medicinal: la lavanda (espliego). Taller \u00abAgua de la lavanda\u00bb.<\/p>\n<p><strong>Quinto cap\u00edtulo:<\/strong> \u00abreflexiones espirituales, mi origen y mi destino\u00bb. Talleres, \u00abung\u00fcento e infusi\u00f3n energ\u00e9ticas\u00bb.<\/p>\n<p><strong>Sexto cap\u00edtulo:<\/strong> \u00abel olivo\u00bb. Talleres, \u00abung\u00fcento santo e infusi\u00f3n de olivo\u00bb. Y, por \u00faltimo, hay todo un apartado para \u00abla vida interior, la renovaci\u00f3n espiritual, la vida disciplinada en el cuerpo y en el alma, con<\/p>\n<p>los frutos y sentimientos de vida y muerte\u00bb.<br \/>\nConclusiones y deseo del autor.<\/p>\n<p>Estos cursos de ecotalleres se fundamentan en un estilo de vida y espiritualidad natural, y tienen como objetivo ayudar a todas las personas, seres vivos y almas, para encontrar el equilibrio, la armon\u00eda, la convivencia, el respeto, la libertad y su eterna felicidad.<\/p>\n","protected":false},"excerpt":{"rendered":"<h2 style=\"padding-left: 40px;\"><span style=\"color: #ff0000;\"><strong>LIBRO AGOTADA SU EDICI\u00d3N<\/strong><\/span><\/h2>\n<p><strong>\u00a0PRONTO, SU PR\u00d3XIMA EDICI\u00d3N<\/strong><\/p>\n<p><strong>\u00a1Importante! El contenido de este libro es de un alt\u00edsimo valor para las almas que buscan encontrar la perfecci\u00f3n y la verdadera libertad. En su interior se revelan las t\u00e9cnicas y secretos m\u00e1s bien guardados por el poder de los esp\u00edritus del Eterno Amor. <\/strong><\/p>\n<p><strong>\u00a1Alma que amas, el bien y la libertad, y arde tu coraz\u00f3n en el verdadero amor! Aqu\u00ed tienes el gran misterio revelado, para la perfecci\u00f3n de tu cuerpo y alma, que las almas que aman la maldad, la soberbia y el odio son incapaces de entender. Si t\u00fa eres y te sientes hijo del eterno amor, despierta tu conciencia y s\u00e9 consciente del regalo que los esp\u00edritus del amor te obsequian.<\/strong><\/p>\n<p><strong>Su primera edici\u00f3n, que sali\u00f3 el 31 de mayo del 2021, la he retirado para ampliar su contenido y editarla en formato papel y en ebook.<\/strong><\/p>\n<p><strong>Pido un poco de paciencia para los que en un futuro quieran adquirir el libro. Y se preparan interiormente para tener en sus manos el mayor tesoro que su alma haya podido imaginar. Ser\u00e1 bueno que las almas se vayan preparando con un buen programa de disciplina basado en oraci\u00f3n, meditaci\u00f3n, contemplaci\u00f3n y un estilo de vida sobrio.<\/strong><\/p>\n<p><strong>Tambi\u00e9n tienen los videos cursos con el masaje vital que son una verdadera joya para preparar al alma a las m\u00e1s altas esferas del crecimiento y evoluci\u00f3n espiritual.<\/strong><\/p>\n<p><strong>Gracias por la espera.<\/strong><\/p>\n","protected":false},"featured_media":975,"comment_status":"open","ping_status":"closed","template":"","meta":{"_monsterinsights_skip_tracking":false,"_monsterinsights_sitenote_active":false,"_monsterinsights_sitenote_note":"","_monsterinsights_sitenote_category":0,"site-sidebar-layout":"default","site-content-layout":"","ast-site-content-layout":"default","site-content-style":"default","site-sidebar-style":"default","ast-global-header-display":"","ast-banner-title-visibility":"","ast-main-header-display":"","ast-hfb-above-header-display":"","ast-hfb-below-header-display":"","ast-hfb-mobile-header-display":"","site-post-title":"","ast-breadcrumbs-content":"","ast-featured-img":"","footer-sml-layout":"","ast-disable-related-posts":"","theme-transparent-header-meta":"default","adv-header-id-meta":"","stick-header-meta":"","header-above-stick-meta":"","header-main-stick-meta":"","header-below-stick-meta":"","astra-migrate-meta-layouts":"set","ast-page-background-enabled":"default","ast-page-background-meta":{"desktop":{"background-color":"","background-image":"","background-repeat":"repeat","background-position":"center center","background-size":"auto","background-attachment":"scroll","background-type":"","background-media":"","overlay-type":"","overlay-color":"","overlay-opacity":"","overlay-gradient":""},"tablet":{"background-color":"","background-image":"","background-repeat":"repeat","background-position":"center center","background-size":"auto","background-attachment":"scroll","background-type":"","background-media":"","overlay-type":"","overlay-color":"","overlay-opacity":"","overlay-gradient":""},"mobile":{"background-color":"","background-image":"","background-repeat":"repeat","background-position":"center center","background-size":"auto","background-attachment":"scroll","background-type":"","background-media":"","overlay-type":"","overlay-color":"","overlay-opacity":"","overlay-gradient":""}},"ast-content-background-meta":{"desktop":{"background-color":"var(--ast-global-color-5)","background-image":"","background-repeat":"repeat","background-position":"center center","background-size":"auto","background-attachment":"scroll","background-type":"","background-media":"","overlay-type":"","overlay-color":"","overlay-opacity":"","overlay-gradient":""},"tablet":{"background-color":"var(--ast-global-color-5)","background-image":"","background-repeat":"repeat","background-position":"center center","background-size":"auto","background-attachment":"scroll","background-type":"","background-media":"","overlay-type":"","overlay-color":"","overlay-opacity":"","overlay-gradient":""},"mobile":{"background-color":"var(--ast-global-color-5)","background-image":"","background-repeat":"repeat","background-position":"center center","background-size":"auto","background-attachment":"scroll","background-type":"","background-media":"","overlay-type":"","overlay-color":"","overlay-opacity":"","overlay-gradient":""}}},"product_brand":[],"product_cat":[35],"product_tag":[112,47,46,91,117,114,113,118,115],"class_list":{"0":"post-1569","1":"product","2":"type-product","3":"status-publish","4":"has-post-thumbnail","6":"product_cat-libros","7":"product_tag-frutos-y-sentimientos-de-vida","8":"product_tag-masaje-vital","9":"product_tag-meditacion","10":"product_tag-renovacion-espiritual","11":"product_tag-sentimientos-de-vida-y-muerte","12":"product_tag-talleres-de-cosmetica-y-botica-eco","13":"product_tag-talleres-de-plantas-medicinales","14":"product_tag-vida-de-oracion-y-contemplacion","15":"product_tag-vida-interior","16":"desktop-align-left","17":"tablet-align-left","18":"mobile-align-left","20":"first","21":"onbackorder","22":"sale","23":"taxable","24":"shipping-taxable","25":"purchasable","26":"product-type-simple"},"yoast_head":"<!-- This site is optimized with the Yoast SEO plugin v27.3 - https:\/\/yoast.com\/product\/yoast-seo-wordpress\/ -->\n<title>ENCICLOPEDIA ECOTALLERES \u00a1VIDA NO MUERTE! I PARTE - ECOTALLERES<\/title>\n<meta name=\"robots\" content=\"index, follow, max-snippet:-1, max-image-preview:large, max-video-preview:-1\" \/>\n<link rel=\"canonical\" href=\"https:\/\/ecotalleres.es\/?product=enciclopedia-ecotalleres-vida-no-muerte-i-parte\" \/>\n<meta property=\"og:locale\" content=\"es_ES\" \/>\n<meta property=\"og:type\" content=\"article\" \/>\n<meta property=\"og:title\" content=\"ENCICLOPEDIA ECOTALLERES \u00a1VIDA NO MUERTE! I PARTE - ECOTALLERES\" \/>\n<meta property=\"og:description\" content=\"LIBRO AGOTADA SU EDICI\u00d3N \u00a0PRONTO, SU PR\u00d3XIMA EDICI\u00d3N  \u00a1Importante! El contenido de este libro es de un alt\u00edsimo valor para las almas que buscan encontrar la perfecci\u00f3n y la verdadera libertad. En su interior se revelan las t\u00e9cnicas y secretos m\u00e1s bien guardados por el poder de los esp\u00edritus del Eterno Amor.   \u00a1Alma que amas, el bien y la libertad, y arde tu coraz\u00f3n en el verdadero amor! Aqu\u00ed tienes el gran misterio revelado, para la perfecci\u00f3n de tu cuerpo y alma, que las almas que aman la maldad, la soberbia y el odio son incapaces de entender. Si t\u00fa eres y te sientes hijo del eterno amor, despierta tu conciencia y s\u00e9 consciente del regalo que los esp\u00edritus del amor te obsequian.  Su primera edici\u00f3n, que sali\u00f3 el 31 de mayo del 2021, la he retirado para ampliar su contenido y editarla en formato papel y en ebook.  Pido un poco de paciencia para los que en un futuro quieran adquirir el libro. Y se preparan interiormente para tener en sus manos el mayor tesoro que su alma haya podido imaginar. Ser\u00e1 bueno que las almas se vayan preparando con un buen programa de disciplina basado en oraci\u00f3n, meditaci\u00f3n, contemplaci\u00f3n y un estilo de vida sobrio.  Tambi\u00e9n tienen los videos cursos con el masaje vital que son una verdadera joya para preparar al alma a las m\u00e1s altas esferas del crecimiento y evoluci\u00f3n espiritual.  Gracias por la espera.\" \/>\n<meta property=\"og:url\" content=\"https:\/\/ecotalleres.es\/?product=enciclopedia-ecotalleres-vida-no-muerte-i-parte\" \/>\n<meta property=\"og:site_name\" content=\"ECOTALLERES\" \/>\n<meta property=\"article:modified_time\" content=\"2024-09-17T16:20:12+00:00\" \/>\n<meta property=\"og:image\" content=\"https:\/\/ecotalleres.es\/wp-content\/uploads\/2021\/05\/PORTADA-DEL-LIBRO-ECOTALLERES-e1622661945381.jpg\" \/>\n\t<meta property=\"og:image:width\" content=\"488\" \/>\n\t<meta property=\"og:image:height\" content=\"489\" \/>\n\t<meta property=\"og:image:type\" content=\"image\/jpeg\" \/>\n<meta name=\"twitter:card\" content=\"summary_large_image\" \/>\n<meta name=\"twitter:label1\" content=\"Tiempo de lectura\" \/>\n\t<meta name=\"twitter:data1\" content=\"1 minuto\" \/>\n<script type=\"application\/ld+json\" class=\"yoast-schema-graph\">{\"@context\":\"https:\\\/\\\/schema.org\",\"@graph\":[{\"@type\":\"WebPage\",\"@id\":\"https:\\\/\\\/ecotalleres.es\\\/?product=enciclopedia-ecotalleres-vida-no-muerte-i-parte\",\"url\":\"https:\\\/\\\/ecotalleres.es\\\/?product=enciclopedia-ecotalleres-vida-no-muerte-i-parte\",\"name\":\"ENCICLOPEDIA ECOTALLERES \u00a1VIDA NO MUERTE! I PARTE - ECOTALLERES\",\"isPartOf\":{\"@id\":\"https:\\\/\\\/ecotalleres.es\\\/#website\"},\"primaryImageOfPage\":{\"@id\":\"https:\\\/\\\/ecotalleres.es\\\/?product=enciclopedia-ecotalleres-vida-no-muerte-i-parte#primaryimage\"},\"image\":{\"@id\":\"https:\\\/\\\/ecotalleres.es\\\/?product=enciclopedia-ecotalleres-vida-no-muerte-i-parte#primaryimage\"},\"thumbnailUrl\":\"https:\\\/\\\/ecotalleres.es\\\/wp-content\\\/uploads\\\/2021\\\/05\\\/PORTADA-DEL-LIBRO-ECOTALLERES-e1622661945381.jpg\",\"datePublished\":\"2024-09-15T10:07:06+00:00\",\"dateModified\":\"2024-09-17T16:20:12+00:00\",\"breadcrumb\":{\"@id\":\"https:\\\/\\\/ecotalleres.es\\\/?product=enciclopedia-ecotalleres-vida-no-muerte-i-parte#breadcrumb\"},\"inLanguage\":\"es\",\"potentialAction\":[{\"@type\":\"ReadAction\",\"target\":[\"https:\\\/\\\/ecotalleres.es\\\/?product=enciclopedia-ecotalleres-vida-no-muerte-i-parte\"]}]},{\"@type\":\"ImageObject\",\"inLanguage\":\"es\",\"@id\":\"https:\\\/\\\/ecotalleres.es\\\/?product=enciclopedia-ecotalleres-vida-no-muerte-i-parte#primaryimage\",\"url\":\"https:\\\/\\\/ecotalleres.es\\\/wp-content\\\/uploads\\\/2021\\\/05\\\/PORTADA-DEL-LIBRO-ECOTALLERES-e1622661945381.jpg\",\"contentUrl\":\"https:\\\/\\\/ecotalleres.es\\\/wp-content\\\/uploads\\\/2021\\\/05\\\/PORTADA-DEL-LIBRO-ECOTALLERES-e1622661945381.jpg\",\"width\":488,\"height\":489},{\"@type\":\"BreadcrumbList\",\"@id\":\"https:\\\/\\\/ecotalleres.es\\\/?product=enciclopedia-ecotalleres-vida-no-muerte-i-parte#breadcrumb\",\"itemListElement\":[{\"@type\":\"ListItem\",\"position\":1,\"name\":\"Portada\",\"item\":\"https:\\\/\\\/ecotalleres.es\\\/\"},{\"@type\":\"ListItem\",\"position\":2,\"name\":\"Talleres\",\"item\":\"https:\\\/\\\/ecotalleres.es\\\/?page_id=6\"},{\"@type\":\"ListItem\",\"position\":3,\"name\":\"ENCICLOPEDIA ECOTALLERES \u00a1VIDA NO MUERTE! I PARTE\"}]},{\"@type\":\"WebSite\",\"@id\":\"https:\\\/\\\/ecotalleres.es\\\/#website\",\"url\":\"https:\\\/\\\/ecotalleres.es\\\/\",\"name\":\"ECOTALLERES\",\"description\":\"Talleres de plantas medicinales y terapias naturales.\",\"publisher\":{\"@id\":\"https:\\\/\\\/ecotalleres.es\\\/#organization\"},\"potentialAction\":[{\"@type\":\"SearchAction\",\"target\":{\"@type\":\"EntryPoint\",\"urlTemplate\":\"https:\\\/\\\/ecotalleres.es\\\/?s={search_term_string}\"},\"query-input\":{\"@type\":\"PropertyValueSpecification\",\"valueRequired\":true,\"valueName\":\"search_term_string\"}}],\"inLanguage\":\"es\"},{\"@type\":\"Organization\",\"@id\":\"https:\\\/\\\/ecotalleres.es\\\/#organization\",\"name\":\"ECOTALLERES\",\"url\":\"https:\\\/\\\/ecotalleres.es\\\/\",\"logo\":{\"@type\":\"ImageObject\",\"inLanguage\":\"es\",\"@id\":\"https:\\\/\\\/ecotalleres.es\\\/#\\\/schema\\\/logo\\\/image\\\/\",\"url\":\"https:\\\/\\\/ecotalleres.es\\\/wp-content\\\/uploads\\\/2021\\\/05\\\/cropped-LOGO-ECOTALLERES-3-1.png\",\"contentUrl\":\"https:\\\/\\\/ecotalleres.es\\\/wp-content\\\/uploads\\\/2021\\\/05\\\/cropped-LOGO-ECOTALLERES-3-1.png\",\"width\":500,\"height\":312,\"caption\":\"ECOTALLERES\"},\"image\":{\"@id\":\"https:\\\/\\\/ecotalleres.es\\\/#\\\/schema\\\/logo\\\/image\\\/\"}}]}<\/script>\n<!-- \/ Yoast SEO plugin. -->","yoast_head_json":{"title":"ENCICLOPEDIA ECOTALLERES \u00a1VIDA NO MUERTE! I PARTE - ECOTALLERES","robots":{"index":"index","follow":"follow","max-snippet":"max-snippet:-1","max-image-preview":"max-image-preview:large","max-video-preview":"max-video-preview:-1"},"canonical":"https:\/\/ecotalleres.es\/?product=enciclopedia-ecotalleres-vida-no-muerte-i-parte","og_locale":"es_ES","og_type":"article","og_title":"ENCICLOPEDIA ECOTALLERES \u00a1VIDA NO MUERTE! I PARTE - ECOTALLERES","og_description":"LIBRO AGOTADA SU EDICI\u00d3N \u00a0PRONTO, SU PR\u00d3XIMA EDICI\u00d3N  \u00a1Importante! El contenido de este libro es de un alt\u00edsimo valor para las almas que buscan encontrar la perfecci\u00f3n y la verdadera libertad. En su interior se revelan las t\u00e9cnicas y secretos m\u00e1s bien guardados por el poder de los esp\u00edritus del Eterno Amor.   \u00a1Alma que amas, el bien y la libertad, y arde tu coraz\u00f3n en el verdadero amor! Aqu\u00ed tienes el gran misterio revelado, para la perfecci\u00f3n de tu cuerpo y alma, que las almas que aman la maldad, la soberbia y el odio son incapaces de entender. Si t\u00fa eres y te sientes hijo del eterno amor, despierta tu conciencia y s\u00e9 consciente del regalo que los esp\u00edritus del amor te obsequian.  Su primera edici\u00f3n, que sali\u00f3 el 31 de mayo del 2021, la he retirado para ampliar su contenido y editarla en formato papel y en ebook.  Pido un poco de paciencia para los que en un futuro quieran adquirir el libro. Y se preparan interiormente para tener en sus manos el mayor tesoro que su alma haya podido imaginar. Ser\u00e1 bueno que las almas se vayan preparando con un buen programa de disciplina basado en oraci\u00f3n, meditaci\u00f3n, contemplaci\u00f3n y un estilo de vida sobrio.  Tambi\u00e9n tienen los videos cursos con el masaje vital que son una verdadera joya para preparar al alma a las m\u00e1s altas esferas del crecimiento y evoluci\u00f3n espiritual.  Gracias por la espera.","og_url":"https:\/\/ecotalleres.es\/?product=enciclopedia-ecotalleres-vida-no-muerte-i-parte","og_site_name":"ECOTALLERES","article_modified_time":"2024-09-17T16:20:12+00:00","og_image":[{"width":488,"height":489,"url":"https:\/\/ecotalleres.es\/wp-content\/uploads\/2021\/05\/PORTADA-DEL-LIBRO-ECOTALLERES-e1622661945381.jpg","type":"image\/jpeg"}],"twitter_card":"summary_large_image","twitter_misc":{"Tiempo de lectura":"1 minuto"},"schema":{"@context":"https:\/\/schema.org","@graph":[{"@type":"WebPage","@id":"https:\/\/ecotalleres.es\/?product=enciclopedia-ecotalleres-vida-no-muerte-i-parte","url":"https:\/\/ecotalleres.es\/?product=enciclopedia-ecotalleres-vida-no-muerte-i-parte","name":"ENCICLOPEDIA ECOTALLERES \u00a1VIDA NO MUERTE! I PARTE - ECOTALLERES","isPartOf":{"@id":"https:\/\/ecotalleres.es\/#website"},"primaryImageOfPage":{"@id":"https:\/\/ecotalleres.es\/?product=enciclopedia-ecotalleres-vida-no-muerte-i-parte#primaryimage"},"image":{"@id":"https:\/\/ecotalleres.es\/?product=enciclopedia-ecotalleres-vida-no-muerte-i-parte#primaryimage"},"thumbnailUrl":"https:\/\/ecotalleres.es\/wp-content\/uploads\/2021\/05\/PORTADA-DEL-LIBRO-ECOTALLERES-e1622661945381.jpg","datePublished":"2024-09-15T10:07:06+00:00","dateModified":"2024-09-17T16:20:12+00:00","breadcrumb":{"@id":"https:\/\/ecotalleres.es\/?product=enciclopedia-ecotalleres-vida-no-muerte-i-parte#breadcrumb"},"inLanguage":"es","potentialAction":[{"@type":"ReadAction","target":["https:\/\/ecotalleres.es\/?product=enciclopedia-ecotalleres-vida-no-muerte-i-parte"]}]},{"@type":"ImageObject","inLanguage":"es","@id":"https:\/\/ecotalleres.es\/?product=enciclopedia-ecotalleres-vida-no-muerte-i-parte#primaryimage","url":"https:\/\/ecotalleres.es\/wp-content\/uploads\/2021\/05\/PORTADA-DEL-LIBRO-ECOTALLERES-e1622661945381.jpg","contentUrl":"https:\/\/ecotalleres.es\/wp-content\/uploads\/2021\/05\/PORTADA-DEL-LIBRO-ECOTALLERES-e1622661945381.jpg","width":488,"height":489},{"@type":"BreadcrumbList","@id":"https:\/\/ecotalleres.es\/?product=enciclopedia-ecotalleres-vida-no-muerte-i-parte#breadcrumb","itemListElement":[{"@type":"ListItem","position":1,"name":"Portada","item":"https:\/\/ecotalleres.es\/"},{"@type":"ListItem","position":2,"name":"Talleres","item":"https:\/\/ecotalleres.es\/?page_id=6"},{"@type":"ListItem","position":3,"name":"ENCICLOPEDIA ECOTALLERES \u00a1VIDA NO MUERTE! I PARTE"}]},{"@type":"WebSite","@id":"https:\/\/ecotalleres.es\/#website","url":"https:\/\/ecotalleres.es\/","name":"ECOTALLERES","description":"Talleres de plantas medicinales y terapias naturales.","publisher":{"@id":"https:\/\/ecotalleres.es\/#organization"},"potentialAction":[{"@type":"SearchAction","target":{"@type":"EntryPoint","urlTemplate":"https:\/\/ecotalleres.es\/?s={search_term_string}"},"query-input":{"@type":"PropertyValueSpecification","valueRequired":true,"valueName":"search_term_string"}}],"inLanguage":"es"},{"@type":"Organization","@id":"https:\/\/ecotalleres.es\/#organization","name":"ECOTALLERES","url":"https:\/\/ecotalleres.es\/","logo":{"@type":"ImageObject","inLanguage":"es","@id":"https:\/\/ecotalleres.es\/#\/schema\/logo\/image\/","url":"https:\/\/ecotalleres.es\/wp-content\/uploads\/2021\/05\/cropped-LOGO-ECOTALLERES-3-1.png","contentUrl":"https:\/\/ecotalleres.es\/wp-content\/uploads\/2021\/05\/cropped-LOGO-ECOTALLERES-3-1.png","width":500,"height":312,"caption":"ECOTALLERES"},"image":{"@id":"https:\/\/ecotalleres.es\/#\/schema\/logo\/image\/"}}]}},"_links":{"self":[{"href":"https:\/\/ecotalleres.es\/index.php?rest_route=\/wp\/v2\/product\/1569","targetHints":{"allow":["GET"]}}],"collection":[{"href":"https:\/\/ecotalleres.es\/index.php?rest_route=\/wp\/v2\/product"}],"about":[{"href":"https:\/\/ecotalleres.es\/index.php?rest_route=\/wp\/v2\/types\/product"}],"replies":[{"embeddable":true,"href":"https:\/\/ecotalleres.es\/index.php?rest_route=%2Fwp%2Fv2%2Fcomments&post=1569"}],"wp:featuredmedia":[{"embeddable":true,"href":"https:\/\/ecotalleres.es\/index.php?rest_route=\/wp\/v2\/media\/975"}],"wp:attachment":[{"href":"https:\/\/ecotalleres.es\/index.php?rest_route=%2Fwp%2Fv2%2Fmedia&parent=1569"}],"wp:term":[{"taxonomy":"product_brand","embeddable":true,"href":"https:\/\/ecotalleres.es\/index.php?rest_route=%2Fwp%2Fv2%2Fproduct_brand&post=1569"},{"taxonomy":"product_cat","embeddable":true,"href":"https:\/\/ecotalleres.es\/index.php?rest_route=%2Fwp%2Fv2%2Fproduct_cat&post=1569"},{"taxonomy":"product_tag","embeddable":true,"href":"https:\/\/ecotalleres.es\/index.php?rest_route=%2Fwp%2Fv2%2Fproduct_tag&post=1569"}],"curies":[{"name":"wp","href":"https:\/\/api.w.org\/{rel}","templated":true}]}}