{"id":1088,"date":"2021-06-09T14:08:04","date_gmt":"2021-06-09T14:08:04","guid":{"rendered":"https:\/\/ecotalleres.es\/?post_type=product&#038;p=1088"},"modified":"2025-02-04T14:47:51","modified_gmt":"2025-02-04T14:47:51","slug":"videocurso-cosmetica-eco-del-olivo-unguento-santo","status":"publish","type":"product","link":"https:\/\/ecotalleres.es\/?product=videocurso-cosmetica-eco-del-olivo-unguento-santo","title":{"rendered":"VIDEOCURSO  COSM\u00c9TICA ECO DEL OLIVO \u00abUNG\u00dcENTO SANTO\u00bb"},"content":{"rendered":"<h5><span style=\"color: #ff0000;\"><strong>INDICACIONES:<\/strong> <\/span><strong>El ung\u00fcento santo tiene muchas utilidades, por las muchas propiedades de cada planta, como ya se ha indicado, bien para problemas de la piel, heridas, quemaduras, tambi\u00e9n como tonificante muscular y activador del sistema nervioso e inmunol\u00f3gico, para aliviar los dolores musculares y articulares, antiinflamatorio y es revitalizador.<\/strong><\/h5>\n<p><strong>\u00a0<\/strong><\/p>\n","protected":false},"excerpt":{"rendered":"<p>UNG\u00dcENTO SANTO CON EL OLIVO, UNA F\u00d3RMULA LLENA DE ANTIOXIDANTES Y REJUVENECEDORES PARA LA PIEL Y EL ORGANISMO. (EL PESO O CAPACIDAD DEL VIDEO CURSO ES DE, 2,10 GB).<\/p>\n<p><strong><span style=\"color: #0000ff;\">CON ESTE VIDEO CURSO TIENES DERECHO A UNA CONSULTA POR VIDEOLLAMADA DE UNA HORA CON EL PROFESOR.<\/span><\/strong><\/p>\n<h4><span style=\"color: #ff6600;\"><strong> ATENCI\u00d3N JUNTO AL VIDEO CURSO, SE ADJUNTA DOSIER CON F\u00d3RMULA Y SU ELABORACI\u00d3N. <\/strong><\/span><\/h4>\n","protected":false},"featured_media":1089,"comment_status":"open","ping_status":"closed","template":"","meta":{"_monsterinsights_skip_tracking":false,"_monsterinsights_sitenote_active":false,"_monsterinsights_sitenote_note":"","_monsterinsights_sitenote_category":0,"site-sidebar-layout":"default","site-content-layout":"default","ast-site-content-layout":"default","site-content-style":"default","site-sidebar-style":"default","ast-global-header-display":"","ast-banner-title-visibility":"","ast-main-header-display":"","ast-hfb-above-header-display":"","ast-hfb-below-header-display":"","ast-hfb-mobile-header-display":"","site-post-title":"","ast-breadcrumbs-content":"","ast-featured-img":"","footer-sml-layout":"","ast-disable-related-posts":"","theme-transparent-header-meta":"default","adv-header-id-meta":"","stick-header-meta":"","header-above-stick-meta":"","header-main-stick-meta":"","header-below-stick-meta":"","astra-migrate-meta-layouts":"set","ast-page-background-enabled":"default","ast-page-background-meta":{"desktop":{"background-color":"","background-image":"","background-repeat":"repeat","background-position":"center center","background-size":"auto","background-attachment":"scroll","background-type":"","background-media":"","overlay-type":"","overlay-color":"","overlay-opacity":"","overlay-gradient":""},"tablet":{"background-color":"","background-image":"","background-repeat":"repeat","background-position":"center center","background-size":"auto","background-attachment":"scroll","background-type":"","background-media":"","overlay-type":"","overlay-color":"","overlay-opacity":"","overlay-gradient":""},"mobile":{"background-color":"","background-image":"","background-repeat":"repeat","background-position":"center center","background-size":"auto","background-attachment":"scroll","background-type":"","background-media":"","overlay-type":"","overlay-color":"","overlay-opacity":"","overlay-gradient":""}},"ast-content-background-meta":{"desktop":{"background-color":"var(--ast-global-color-5)","background-image":"","background-repeat":"repeat","background-position":"center center","background-size":"auto","background-attachment":"scroll","background-type":"","background-media":"","overlay-type":"","overlay-color":"","overlay-opacity":"","overlay-gradient":""},"tablet":{"background-color":"var(--ast-global-color-5)","background-image":"","background-repeat":"repeat","background-position":"center center","background-size":"auto","background-attachment":"scroll","background-type":"","background-media":"","overlay-type":"","overlay-color":"","overlay-opacity":"","overlay-gradient":""},"mobile":{"background-color":"var(--ast-global-color-5)","background-image":"","background-repeat":"repeat","background-position":"center center","background-size":"auto","background-attachment":"scroll","background-type":"","background-media":"","overlay-type":"","overlay-color":"","overlay-opacity":"","overlay-gradient":""}}},"product_brand":[],"product_cat":[37],"product_tag":[52,51,83,60,57,85,84],"class_list":{"0":"post-1088","1":"product","2":"type-product","3":"status-publish","4":"has-post-thumbnail","6":"product_cat-videocursos-plantas-medicinales","7":"product_tag-antibacteriano","8":"product_tag-antiinflamatorio","9":"product_tag-antiseptico","10":"product_tag-calmante","11":"product_tag-cicatrizante","12":"product_tag-fungicida","13":"product_tag-para-las-varices","14":"desktop-align-left","15":"tablet-align-left","16":"mobile-align-left","18":"first","19":"instock","20":"downloadable","21":"virtual","22":"taxable","23":"purchasable","24":"product-type-simple"},"yoast_head":"<!-- This site is optimized with the Yoast SEO plugin v27.3 - https:\/\/yoast.com\/product\/yoast-seo-wordpress\/ -->\n<title>VIDEOCURSO COSM\u00c9TICA ECO DEL OLIVO &quot;UNG\u00dcENTO SANTO&quot; - ECOTALLERES<\/title>\n<meta name=\"robots\" content=\"index, follow, max-snippet:-1, max-image-preview:large, max-video-preview:-1\" \/>\n<link rel=\"canonical\" href=\"https:\/\/ecotalleres.es\/?product=videocurso-cosmetica-eco-del-olivo-unguento-santo\" \/>\n<meta property=\"og:locale\" content=\"es_ES\" \/>\n<meta property=\"og:type\" content=\"article\" \/>\n<meta property=\"og:title\" content=\"VIDEOCURSO COSM\u00c9TICA ECO DEL OLIVO &quot;UNG\u00dcENTO SANTO&quot; - ECOTALLERES\" \/>\n<meta property=\"og:description\" content=\"UNG\u00dcENTO SANTO CON EL OLIVO, UNA F\u00d3RMULA LLENA DE ANTIOXIDANTES Y REJUVENECEDORES PARA LA PIEL Y EL ORGANISMO. (EL PESO O CAPACIDAD DEL VIDEO CURSO ES DE, 2,10 GB).  CON ESTE VIDEO CURSO TIENES DERECHO A UNA CONSULTA POR VIDEOLLAMADA DE UNA HORA CON EL PROFESOR.  ATENCI\u00d3N JUNTO AL VIDEO CURSO, SE ADJUNTA DOSIER CON F\u00d3RMULA Y SU ELABORACI\u00d3N.\" \/>\n<meta property=\"og:url\" content=\"https:\/\/ecotalleres.es\/?product=videocurso-cosmetica-eco-del-olivo-unguento-santo\" \/>\n<meta property=\"og:site_name\" content=\"ECOTALLERES\" \/>\n<meta property=\"article:modified_time\" content=\"2025-02-04T14:47:51+00:00\" \/>\n<meta property=\"og:image\" content=\"https:\/\/ecotalleres.es\/wp-content\/uploads\/2021\/06\/ECOTALLERES-OLIVO-COSMETICA-ECO-UNGUENTO-SANTO-scaled.jpg\" \/>\n\t<meta property=\"og:image:width\" content=\"2560\" \/>\n\t<meta property=\"og:image:height\" content=\"1920\" \/>\n\t<meta property=\"og:image:type\" content=\"image\/jpeg\" \/>\n<meta name=\"twitter:card\" content=\"summary_large_image\" \/>\n<script type=\"application\/ld+json\" class=\"yoast-schema-graph\">{\"@context\":\"https:\\\/\\\/schema.org\",\"@graph\":[{\"@type\":\"WebPage\",\"@id\":\"https:\\\/\\\/ecotalleres.es\\\/?product=videocurso-cosmetica-eco-del-olivo-unguento-santo\",\"url\":\"https:\\\/\\\/ecotalleres.es\\\/?product=videocurso-cosmetica-eco-del-olivo-unguento-santo\",\"name\":\"VIDEOCURSO COSM\u00c9TICA ECO DEL OLIVO \\\"UNG\u00dcENTO SANTO\\\" - ECOTALLERES\",\"isPartOf\":{\"@id\":\"https:\\\/\\\/ecotalleres.es\\\/#website\"},\"primaryImageOfPage\":{\"@id\":\"https:\\\/\\\/ecotalleres.es\\\/?product=videocurso-cosmetica-eco-del-olivo-unguento-santo#primaryimage\"},\"image\":{\"@id\":\"https:\\\/\\\/ecotalleres.es\\\/?product=videocurso-cosmetica-eco-del-olivo-unguento-santo#primaryimage\"},\"thumbnailUrl\":\"https:\\\/\\\/ecotalleres.es\\\/wp-content\\\/uploads\\\/2021\\\/06\\\/ECOTALLERES-OLIVO-COSMETICA-ECO-UNGUENTO-SANTO-scaled.jpg\",\"datePublished\":\"2021-06-09T14:08:04+00:00\",\"dateModified\":\"2025-02-04T14:47:51+00:00\",\"breadcrumb\":{\"@id\":\"https:\\\/\\\/ecotalleres.es\\\/?product=videocurso-cosmetica-eco-del-olivo-unguento-santo#breadcrumb\"},\"inLanguage\":\"es\",\"potentialAction\":[{\"@type\":\"ReadAction\",\"target\":[\"https:\\\/\\\/ecotalleres.es\\\/?product=videocurso-cosmetica-eco-del-olivo-unguento-santo\"]}]},{\"@type\":\"ImageObject\",\"inLanguage\":\"es\",\"@id\":\"https:\\\/\\\/ecotalleres.es\\\/?product=videocurso-cosmetica-eco-del-olivo-unguento-santo#primaryimage\",\"url\":\"https:\\\/\\\/ecotalleres.es\\\/wp-content\\\/uploads\\\/2021\\\/06\\\/ECOTALLERES-OLIVO-COSMETICA-ECO-UNGUENTO-SANTO-scaled.jpg\",\"contentUrl\":\"https:\\\/\\\/ecotalleres.es\\\/wp-content\\\/uploads\\\/2021\\\/06\\\/ECOTALLERES-OLIVO-COSMETICA-ECO-UNGUENTO-SANTO-scaled.jpg\",\"width\":2560,\"height\":1920},{\"@type\":\"BreadcrumbList\",\"@id\":\"https:\\\/\\\/ecotalleres.es\\\/?product=videocurso-cosmetica-eco-del-olivo-unguento-santo#breadcrumb\",\"itemListElement\":[{\"@type\":\"ListItem\",\"position\":1,\"name\":\"Portada\",\"item\":\"https:\\\/\\\/ecotalleres.es\\\/\"},{\"@type\":\"ListItem\",\"position\":2,\"name\":\"Talleres\",\"item\":\"https:\\\/\\\/ecotalleres.es\\\/?page_id=6\"},{\"@type\":\"ListItem\",\"position\":3,\"name\":\"VIDEOCURSO COSM\u00c9TICA ECO DEL OLIVO \u00abUNG\u00dcENTO SANTO\u00bb\"}]},{\"@type\":\"WebSite\",\"@id\":\"https:\\\/\\\/ecotalleres.es\\\/#website\",\"url\":\"https:\\\/\\\/ecotalleres.es\\\/\",\"name\":\"ECOTALLERES\",\"description\":\"Talleres de plantas medicinales y terapias naturales.\",\"publisher\":{\"@id\":\"https:\\\/\\\/ecotalleres.es\\\/#organization\"},\"potentialAction\":[{\"@type\":\"SearchAction\",\"target\":{\"@type\":\"EntryPoint\",\"urlTemplate\":\"https:\\\/\\\/ecotalleres.es\\\/?s={search_term_string}\"},\"query-input\":{\"@type\":\"PropertyValueSpecification\",\"valueRequired\":true,\"valueName\":\"search_term_string\"}}],\"inLanguage\":\"es\"},{\"@type\":\"Organization\",\"@id\":\"https:\\\/\\\/ecotalleres.es\\\/#organization\",\"name\":\"ECOTALLERES\",\"url\":\"https:\\\/\\\/ecotalleres.es\\\/\",\"logo\":{\"@type\":\"ImageObject\",\"inLanguage\":\"es\",\"@id\":\"https:\\\/\\\/ecotalleres.es\\\/#\\\/schema\\\/logo\\\/image\\\/\",\"url\":\"https:\\\/\\\/ecotalleres.es\\\/wp-content\\\/uploads\\\/2021\\\/05\\\/cropped-LOGO-ECOTALLERES-3-1.png\",\"contentUrl\":\"https:\\\/\\\/ecotalleres.es\\\/wp-content\\\/uploads\\\/2021\\\/05\\\/cropped-LOGO-ECOTALLERES-3-1.png\",\"width\":500,\"height\":312,\"caption\":\"ECOTALLERES\"},\"image\":{\"@id\":\"https:\\\/\\\/ecotalleres.es\\\/#\\\/schema\\\/logo\\\/image\\\/\"}}]}<\/script>\n<!-- \/ Yoast SEO plugin. -->","yoast_head_json":{"title":"VIDEOCURSO COSM\u00c9TICA ECO DEL OLIVO \"UNG\u00dcENTO SANTO\" - ECOTALLERES","robots":{"index":"index","follow":"follow","max-snippet":"max-snippet:-1","max-image-preview":"max-image-preview:large","max-video-preview":"max-video-preview:-1"},"canonical":"https:\/\/ecotalleres.es\/?product=videocurso-cosmetica-eco-del-olivo-unguento-santo","og_locale":"es_ES","og_type":"article","og_title":"VIDEOCURSO COSM\u00c9TICA ECO DEL OLIVO \"UNG\u00dcENTO SANTO\" - ECOTALLERES","og_description":"UNG\u00dcENTO SANTO CON EL OLIVO, UNA F\u00d3RMULA LLENA DE ANTIOXIDANTES Y REJUVENECEDORES PARA LA PIEL Y EL ORGANISMO. (EL PESO O CAPACIDAD DEL VIDEO CURSO ES DE, 2,10 GB).  CON ESTE VIDEO CURSO TIENES DERECHO A UNA CONSULTA POR VIDEOLLAMADA DE UNA HORA CON EL PROFESOR.  ATENCI\u00d3N JUNTO AL VIDEO CURSO, SE ADJUNTA DOSIER CON F\u00d3RMULA Y SU ELABORACI\u00d3N.","og_url":"https:\/\/ecotalleres.es\/?product=videocurso-cosmetica-eco-del-olivo-unguento-santo","og_site_name":"ECOTALLERES","article_modified_time":"2025-02-04T14:47:51+00:00","og_image":[{"width":2560,"height":1920,"url":"https:\/\/ecotalleres.es\/wp-content\/uploads\/2021\/06\/ECOTALLERES-OLIVO-COSMETICA-ECO-UNGUENTO-SANTO-scaled.jpg","type":"image\/jpeg"}],"twitter_card":"summary_large_image","schema":{"@context":"https:\/\/schema.org","@graph":[{"@type":"WebPage","@id":"https:\/\/ecotalleres.es\/?product=videocurso-cosmetica-eco-del-olivo-unguento-santo","url":"https:\/\/ecotalleres.es\/?product=videocurso-cosmetica-eco-del-olivo-unguento-santo","name":"VIDEOCURSO COSM\u00c9TICA ECO DEL OLIVO \"UNG\u00dcENTO SANTO\" - ECOTALLERES","isPartOf":{"@id":"https:\/\/ecotalleres.es\/#website"},"primaryImageOfPage":{"@id":"https:\/\/ecotalleres.es\/?product=videocurso-cosmetica-eco-del-olivo-unguento-santo#primaryimage"},"image":{"@id":"https:\/\/ecotalleres.es\/?product=videocurso-cosmetica-eco-del-olivo-unguento-santo#primaryimage"},"thumbnailUrl":"https:\/\/ecotalleres.es\/wp-content\/uploads\/2021\/06\/ECOTALLERES-OLIVO-COSMETICA-ECO-UNGUENTO-SANTO-scaled.jpg","datePublished":"2021-06-09T14:08:04+00:00","dateModified":"2025-02-04T14:47:51+00:00","breadcrumb":{"@id":"https:\/\/ecotalleres.es\/?product=videocurso-cosmetica-eco-del-olivo-unguento-santo#breadcrumb"},"inLanguage":"es","potentialAction":[{"@type":"ReadAction","target":["https:\/\/ecotalleres.es\/?product=videocurso-cosmetica-eco-del-olivo-unguento-santo"]}]},{"@type":"ImageObject","inLanguage":"es","@id":"https:\/\/ecotalleres.es\/?product=videocurso-cosmetica-eco-del-olivo-unguento-santo#primaryimage","url":"https:\/\/ecotalleres.es\/wp-content\/uploads\/2021\/06\/ECOTALLERES-OLIVO-COSMETICA-ECO-UNGUENTO-SANTO-scaled.jpg","contentUrl":"https:\/\/ecotalleres.es\/wp-content\/uploads\/2021\/06\/ECOTALLERES-OLIVO-COSMETICA-ECO-UNGUENTO-SANTO-scaled.jpg","width":2560,"height":1920},{"@type":"BreadcrumbList","@id":"https:\/\/ecotalleres.es\/?product=videocurso-cosmetica-eco-del-olivo-unguento-santo#breadcrumb","itemListElement":[{"@type":"ListItem","position":1,"name":"Portada","item":"https:\/\/ecotalleres.es\/"},{"@type":"ListItem","position":2,"name":"Talleres","item":"https:\/\/ecotalleres.es\/?page_id=6"},{"@type":"ListItem","position":3,"name":"VIDEOCURSO COSM\u00c9TICA ECO DEL OLIVO \u00abUNG\u00dcENTO SANTO\u00bb"}]},{"@type":"WebSite","@id":"https:\/\/ecotalleres.es\/#website","url":"https:\/\/ecotalleres.es\/","name":"ECOTALLERES","description":"Talleres de plantas medicinales y terapias naturales.","publisher":{"@id":"https:\/\/ecotalleres.es\/#organization"},"potentialAction":[{"@type":"SearchAction","target":{"@type":"EntryPoint","urlTemplate":"https:\/\/ecotalleres.es\/?s={search_term_string}"},"query-input":{"@type":"PropertyValueSpecification","valueRequired":true,"valueName":"search_term_string"}}],"inLanguage":"es"},{"@type":"Organization","@id":"https:\/\/ecotalleres.es\/#organization","name":"ECOTALLERES","url":"https:\/\/ecotalleres.es\/","logo":{"@type":"ImageObject","inLanguage":"es","@id":"https:\/\/ecotalleres.es\/#\/schema\/logo\/image\/","url":"https:\/\/ecotalleres.es\/wp-content\/uploads\/2021\/05\/cropped-LOGO-ECOTALLERES-3-1.png","contentUrl":"https:\/\/ecotalleres.es\/wp-content\/uploads\/2021\/05\/cropped-LOGO-ECOTALLERES-3-1.png","width":500,"height":312,"caption":"ECOTALLERES"},"image":{"@id":"https:\/\/ecotalleres.es\/#\/schema\/logo\/image\/"}}]}},"_links":{"self":[{"href":"https:\/\/ecotalleres.es\/index.php?rest_route=\/wp\/v2\/product\/1088","targetHints":{"allow":["GET"]}}],"collection":[{"href":"https:\/\/ecotalleres.es\/index.php?rest_route=\/wp\/v2\/product"}],"about":[{"href":"https:\/\/ecotalleres.es\/index.php?rest_route=\/wp\/v2\/types\/product"}],"replies":[{"embeddable":true,"href":"https:\/\/ecotalleres.es\/index.php?rest_route=%2Fwp%2Fv2%2Fcomments&post=1088"}],"wp:featuredmedia":[{"embeddable":true,"href":"https:\/\/ecotalleres.es\/index.php?rest_route=\/wp\/v2\/media\/1089"}],"wp:attachment":[{"href":"https:\/\/ecotalleres.es\/index.php?rest_route=%2Fwp%2Fv2%2Fmedia&parent=1088"}],"wp:term":[{"taxonomy":"product_brand","embeddable":true,"href":"https:\/\/ecotalleres.es\/index.php?rest_route=%2Fwp%2Fv2%2Fproduct_brand&post=1088"},{"taxonomy":"product_cat","embeddable":true,"href":"https:\/\/ecotalleres.es\/index.php?rest_route=%2Fwp%2Fv2%2Fproduct_cat&post=1088"},{"taxonomy":"product_tag","embeddable":true,"href":"https:\/\/ecotalleres.es\/index.php?rest_route=%2Fwp%2Fv2%2Fproduct_tag&post=1088"}],"curies":[{"name":"wp","href":"https:\/\/api.w.org\/{rel}","templated":true}]}}