{"id":1082,"date":"2021-06-08T14:42:11","date_gmt":"2021-06-08T14:42:11","guid":{"rendered":"https:\/\/ecotalleres.es\/?post_type=product&#038;p=1082"},"modified":"2025-02-04T14:18:22","modified_gmt":"2025-02-04T14:18:22","slug":"videocurso-botica-eco-de-la-salvia-infusion-sexual","status":"publish","type":"product","link":"https:\/\/ecotalleres.es\/?product=videocurso-botica-eco-de-la-salvia-infusion-sexual","title":{"rendered":"VIDEOCURSO BOTICA ECO DE LA SALVIA \u00abINFUSI\u00d3N SEXUAL\u00bb"},"content":{"rendered":"<p>ESTE PREPARADO DE INFUSI\u00d3N CON NUEVE PLANTAS DE EXTRAORDINARIO VALOR Y PODER NATURAL, ES EN PRIMER LUGAR UN PODEROSO ACTIVADOR ENERG\u00c9TICO PARA NUESTRO ORGANISMO, COMO PARA EL ALMA. POR LO TANTO, SE DEBEN DE SEGUIR CORRECTAMENTE LAS INDICACIONES DE LA F\u00d3RMULA Y SUS INFORMACIONES.<\/p>\n<p><strong>Es un superalimento, afrodis\u00edaco y activador de la vida sexual, pero tambi\u00e9n por las muchas propiedades de todas las plantas est\u00e1 indicado para otras funciones. Por ejemplo: el Jazm\u00edn, una de las plantas de la composici\u00f3n. Ayuda a controlar la ansiedad, es bueno para la piel, calma los picores, las irritaciones, regula la tensi\u00f3n, antis\u00e9ptico, regula el colesterol, ayuda a bajar de peso, reduce el riesgo de la diabetes, afrodis\u00edaco, estimula los \u00f3rganos femeninos, la libido y relaja el \u00fatero evitando los dolores menstruales.<\/strong><\/p>\n<p>&nbsp;<\/p>\n","protected":false},"excerpt":{"rendered":"<p>UNA INFUSI\u00d3N QUE JUNTO AL UNG\u00dcENTO DE SEXUALIDAD Y A\u00d1ADIDO AL TALLER DEL EJERCICIO DE CONTEMPLACI\u00d3N QUE VA EN EL LIBRO DE LOS ECOTALLERES \u00a1VIDA NO MUERTE! I PARTE. TRANSFORMAR\u00c1 TU VIDA SEXUAL Y LA LLEVAR\u00c1 A LA PLENITUD, SI PERSEVER\u00c1S EN ELLO. (PESO Y CAPACIDAD DEL VIDEO, 659 MB).<\/p>\n<h5><span style=\"color: #ff0000;\">\u2014ATENCI\u00d3N JUNTO AL VIDEO CURSO, SE ADJUNTA DOSIER CON F\u00d3RMULA Y ELABORACI\u00d3N<\/span><\/h5>\n","protected":false},"featured_media":1083,"comment_status":"open","ping_status":"closed","template":"","meta":{"_monsterinsights_skip_tracking":false,"_monsterinsights_sitenote_active":false,"_monsterinsights_sitenote_note":"","_monsterinsights_sitenote_category":0,"site-sidebar-layout":"default","site-content-layout":"default","ast-site-content-layout":"default","site-content-style":"default","site-sidebar-style":"default","ast-global-header-display":"","ast-banner-title-visibility":"","ast-main-header-display":"","ast-hfb-above-header-display":"","ast-hfb-below-header-display":"","ast-hfb-mobile-header-display":"","site-post-title":"","ast-breadcrumbs-content":"","ast-featured-img":"","footer-sml-layout":"","ast-disable-related-posts":"","theme-transparent-header-meta":"default","adv-header-id-meta":"","stick-header-meta":"","header-above-stick-meta":"","header-main-stick-meta":"","header-below-stick-meta":"","astra-migrate-meta-layouts":"set","ast-page-background-enabled":"default","ast-page-background-meta":{"desktop":{"background-color":"","background-image":"","background-repeat":"repeat","background-position":"center center","background-size":"auto","background-attachment":"scroll","background-type":"","background-media":"","overlay-type":"","overlay-color":"","overlay-opacity":"","overlay-gradient":""},"tablet":{"background-color":"","background-image":"","background-repeat":"repeat","background-position":"center center","background-size":"auto","background-attachment":"scroll","background-type":"","background-media":"","overlay-type":"","overlay-color":"","overlay-opacity":"","overlay-gradient":""},"mobile":{"background-color":"","background-image":"","background-repeat":"repeat","background-position":"center center","background-size":"auto","background-attachment":"scroll","background-type":"","background-media":"","overlay-type":"","overlay-color":"","overlay-opacity":"","overlay-gradient":""}},"ast-content-background-meta":{"desktop":{"background-color":"var(--ast-global-color-5)","background-image":"","background-repeat":"repeat","background-position":"center center","background-size":"auto","background-attachment":"scroll","background-type":"","background-media":"","overlay-type":"","overlay-color":"","overlay-opacity":"","overlay-gradient":""},"tablet":{"background-color":"var(--ast-global-color-5)","background-image":"","background-repeat":"repeat","background-position":"center center","background-size":"auto","background-attachment":"scroll","background-type":"","background-media":"","overlay-type":"","overlay-color":"","overlay-opacity":"","overlay-gradient":""},"mobile":{"background-color":"var(--ast-global-color-5)","background-image":"","background-repeat":"repeat","background-position":"center center","background-size":"auto","background-attachment":"scroll","background-type":"","background-media":"","overlay-type":"","overlay-color":"","overlay-opacity":"","overlay-gradient":""}}},"product_brand":[],"product_cat":[37],"product_tag":[81,82,59,80],"class_list":{"0":"post-1082","1":"product","2":"type-product","3":"status-publish","4":"has-post-thumbnail","6":"product_cat-videocursos-plantas-medicinales","7":"product_tag-activador-de-la-vida-sexual","8":"product_tag-energetico","9":"product_tag-revitalizante","10":"product_tag-superalimento","11":"desktop-align-left","12":"tablet-align-left","13":"mobile-align-left","15":"first","16":"instock","17":"downloadable","18":"virtual","19":"taxable","20":"purchasable","21":"product-type-simple"},"yoast_head":"<!-- This site is optimized with the Yoast SEO plugin v27.3 - https:\/\/yoast.com\/product\/yoast-seo-wordpress\/ -->\n<title>VIDEOCURSO BOTICA ECO DE LA SALVIA &quot;INFUSI\u00d3N SEXUAL&quot; - ECOTALLERES<\/title>\n<meta name=\"robots\" content=\"index, follow, max-snippet:-1, max-image-preview:large, max-video-preview:-1\" \/>\n<link rel=\"canonical\" href=\"https:\/\/ecotalleres.es\/?product=videocurso-botica-eco-de-la-salvia-infusion-sexual\" \/>\n<meta property=\"og:locale\" content=\"es_ES\" \/>\n<meta property=\"og:type\" content=\"article\" \/>\n<meta property=\"og:title\" content=\"VIDEOCURSO BOTICA ECO DE LA SALVIA &quot;INFUSI\u00d3N SEXUAL&quot; - ECOTALLERES\" \/>\n<meta property=\"og:description\" content=\"UNA INFUSI\u00d3N QUE JUNTO AL UNG\u00dcENTO DE SEXUALIDAD Y A\u00d1ADIDO AL TALLER DEL EJERCICIO DE CONTEMPLACI\u00d3N QUE VA EN EL LIBRO DE LOS ECOTALLERES \u00a1VIDA NO MUERTE! I PARTE. TRANSFORMAR\u00c1 TU VIDA SEXUAL Y LA LLEVAR\u00c1 A LA PLENITUD, SI PERSEVER\u00c1S EN ELLO. (PESO Y CAPACIDAD DEL VIDEO, 659 MB). \u2014ATENCI\u00d3N JUNTO AL VIDEO CURSO, SE ADJUNTA DOSIER CON F\u00d3RMULA Y ELABORACI\u00d3N\" \/>\n<meta property=\"og:url\" content=\"https:\/\/ecotalleres.es\/?product=videocurso-botica-eco-de-la-salvia-infusion-sexual\" \/>\n<meta property=\"og:site_name\" content=\"ECOTALLERES\" \/>\n<meta property=\"article:modified_time\" content=\"2025-02-04T14:18:22+00:00\" \/>\n<meta property=\"og:image\" content=\"https:\/\/ecotalleres.es\/wp-content\/uploads\/2021\/06\/ECOTALLER-SALVIA-BOTICA-ECO-INFUSION-1-scaled.jpg\" \/>\n\t<meta property=\"og:image:width\" content=\"2560\" \/>\n\t<meta property=\"og:image:height\" content=\"1920\" \/>\n\t<meta property=\"og:image:type\" content=\"image\/jpeg\" \/>\n<meta name=\"twitter:card\" content=\"summary_large_image\" \/>\n<meta name=\"twitter:label1\" content=\"Tiempo de lectura\" \/>\n\t<meta name=\"twitter:data1\" content=\"1 minuto\" \/>\n<script type=\"application\/ld+json\" class=\"yoast-schema-graph\">{\"@context\":\"https:\\\/\\\/schema.org\",\"@graph\":[{\"@type\":\"WebPage\",\"@id\":\"https:\\\/\\\/ecotalleres.es\\\/?product=videocurso-botica-eco-de-la-salvia-infusion-sexual\",\"url\":\"https:\\\/\\\/ecotalleres.es\\\/?product=videocurso-botica-eco-de-la-salvia-infusion-sexual\",\"name\":\"VIDEOCURSO BOTICA ECO DE LA SALVIA \\\"INFUSI\u00d3N SEXUAL\\\" - ECOTALLERES\",\"isPartOf\":{\"@id\":\"https:\\\/\\\/ecotalleres.es\\\/#website\"},\"primaryImageOfPage\":{\"@id\":\"https:\\\/\\\/ecotalleres.es\\\/?product=videocurso-botica-eco-de-la-salvia-infusion-sexual#primaryimage\"},\"image\":{\"@id\":\"https:\\\/\\\/ecotalleres.es\\\/?product=videocurso-botica-eco-de-la-salvia-infusion-sexual#primaryimage\"},\"thumbnailUrl\":\"https:\\\/\\\/ecotalleres.es\\\/wp-content\\\/uploads\\\/2021\\\/06\\\/ECOTALLER-SALVIA-BOTICA-ECO-INFUSION-1-scaled.jpg\",\"datePublished\":\"2021-06-08T14:42:11+00:00\",\"dateModified\":\"2025-02-04T14:18:22+00:00\",\"breadcrumb\":{\"@id\":\"https:\\\/\\\/ecotalleres.es\\\/?product=videocurso-botica-eco-de-la-salvia-infusion-sexual#breadcrumb\"},\"inLanguage\":\"es\",\"potentialAction\":[{\"@type\":\"ReadAction\",\"target\":[\"https:\\\/\\\/ecotalleres.es\\\/?product=videocurso-botica-eco-de-la-salvia-infusion-sexual\"]}]},{\"@type\":\"ImageObject\",\"inLanguage\":\"es\",\"@id\":\"https:\\\/\\\/ecotalleres.es\\\/?product=videocurso-botica-eco-de-la-salvia-infusion-sexual#primaryimage\",\"url\":\"https:\\\/\\\/ecotalleres.es\\\/wp-content\\\/uploads\\\/2021\\\/06\\\/ECOTALLER-SALVIA-BOTICA-ECO-INFUSION-1-scaled.jpg\",\"contentUrl\":\"https:\\\/\\\/ecotalleres.es\\\/wp-content\\\/uploads\\\/2021\\\/06\\\/ECOTALLER-SALVIA-BOTICA-ECO-INFUSION-1-scaled.jpg\",\"width\":2560,\"height\":1920},{\"@type\":\"BreadcrumbList\",\"@id\":\"https:\\\/\\\/ecotalleres.es\\\/?product=videocurso-botica-eco-de-la-salvia-infusion-sexual#breadcrumb\",\"itemListElement\":[{\"@type\":\"ListItem\",\"position\":1,\"name\":\"Portada\",\"item\":\"https:\\\/\\\/ecotalleres.es\\\/\"},{\"@type\":\"ListItem\",\"position\":2,\"name\":\"Talleres\",\"item\":\"https:\\\/\\\/ecotalleres.es\\\/?page_id=6\"},{\"@type\":\"ListItem\",\"position\":3,\"name\":\"VIDEOCURSO BOTICA ECO DE LA SALVIA \u00abINFUSI\u00d3N SEXUAL\u00bb\"}]},{\"@type\":\"WebSite\",\"@id\":\"https:\\\/\\\/ecotalleres.es\\\/#website\",\"url\":\"https:\\\/\\\/ecotalleres.es\\\/\",\"name\":\"ECOTALLERES\",\"description\":\"Talleres de plantas medicinales y terapias naturales.\",\"publisher\":{\"@id\":\"https:\\\/\\\/ecotalleres.es\\\/#organization\"},\"potentialAction\":[{\"@type\":\"SearchAction\",\"target\":{\"@type\":\"EntryPoint\",\"urlTemplate\":\"https:\\\/\\\/ecotalleres.es\\\/?s={search_term_string}\"},\"query-input\":{\"@type\":\"PropertyValueSpecification\",\"valueRequired\":true,\"valueName\":\"search_term_string\"}}],\"inLanguage\":\"es\"},{\"@type\":\"Organization\",\"@id\":\"https:\\\/\\\/ecotalleres.es\\\/#organization\",\"name\":\"ECOTALLERES\",\"url\":\"https:\\\/\\\/ecotalleres.es\\\/\",\"logo\":{\"@type\":\"ImageObject\",\"inLanguage\":\"es\",\"@id\":\"https:\\\/\\\/ecotalleres.es\\\/#\\\/schema\\\/logo\\\/image\\\/\",\"url\":\"https:\\\/\\\/ecotalleres.es\\\/wp-content\\\/uploads\\\/2021\\\/05\\\/cropped-LOGO-ECOTALLERES-3-1.png\",\"contentUrl\":\"https:\\\/\\\/ecotalleres.es\\\/wp-content\\\/uploads\\\/2021\\\/05\\\/cropped-LOGO-ECOTALLERES-3-1.png\",\"width\":500,\"height\":312,\"caption\":\"ECOTALLERES\"},\"image\":{\"@id\":\"https:\\\/\\\/ecotalleres.es\\\/#\\\/schema\\\/logo\\\/image\\\/\"}}]}<\/script>\n<!-- \/ Yoast SEO plugin. -->","yoast_head_json":{"title":"VIDEOCURSO BOTICA ECO DE LA SALVIA \"INFUSI\u00d3N SEXUAL\" - ECOTALLERES","robots":{"index":"index","follow":"follow","max-snippet":"max-snippet:-1","max-image-preview":"max-image-preview:large","max-video-preview":"max-video-preview:-1"},"canonical":"https:\/\/ecotalleres.es\/?product=videocurso-botica-eco-de-la-salvia-infusion-sexual","og_locale":"es_ES","og_type":"article","og_title":"VIDEOCURSO BOTICA ECO DE LA SALVIA \"INFUSI\u00d3N SEXUAL\" - ECOTALLERES","og_description":"UNA INFUSI\u00d3N QUE JUNTO AL UNG\u00dcENTO DE SEXUALIDAD Y A\u00d1ADIDO AL TALLER DEL EJERCICIO DE CONTEMPLACI\u00d3N QUE VA EN EL LIBRO DE LOS ECOTALLERES \u00a1VIDA NO MUERTE! I PARTE. TRANSFORMAR\u00c1 TU VIDA SEXUAL Y LA LLEVAR\u00c1 A LA PLENITUD, SI PERSEVER\u00c1S EN ELLO. (PESO Y CAPACIDAD DEL VIDEO, 659 MB). \u2014ATENCI\u00d3N JUNTO AL VIDEO CURSO, SE ADJUNTA DOSIER CON F\u00d3RMULA Y ELABORACI\u00d3N","og_url":"https:\/\/ecotalleres.es\/?product=videocurso-botica-eco-de-la-salvia-infusion-sexual","og_site_name":"ECOTALLERES","article_modified_time":"2025-02-04T14:18:22+00:00","og_image":[{"width":2560,"height":1920,"url":"https:\/\/ecotalleres.es\/wp-content\/uploads\/2021\/06\/ECOTALLER-SALVIA-BOTICA-ECO-INFUSION-1-scaled.jpg","type":"image\/jpeg"}],"twitter_card":"summary_large_image","twitter_misc":{"Tiempo de lectura":"1 minuto"},"schema":{"@context":"https:\/\/schema.org","@graph":[{"@type":"WebPage","@id":"https:\/\/ecotalleres.es\/?product=videocurso-botica-eco-de-la-salvia-infusion-sexual","url":"https:\/\/ecotalleres.es\/?product=videocurso-botica-eco-de-la-salvia-infusion-sexual","name":"VIDEOCURSO BOTICA ECO DE LA SALVIA \"INFUSI\u00d3N SEXUAL\" - ECOTALLERES","isPartOf":{"@id":"https:\/\/ecotalleres.es\/#website"},"primaryImageOfPage":{"@id":"https:\/\/ecotalleres.es\/?product=videocurso-botica-eco-de-la-salvia-infusion-sexual#primaryimage"},"image":{"@id":"https:\/\/ecotalleres.es\/?product=videocurso-botica-eco-de-la-salvia-infusion-sexual#primaryimage"},"thumbnailUrl":"https:\/\/ecotalleres.es\/wp-content\/uploads\/2021\/06\/ECOTALLER-SALVIA-BOTICA-ECO-INFUSION-1-scaled.jpg","datePublished":"2021-06-08T14:42:11+00:00","dateModified":"2025-02-04T14:18:22+00:00","breadcrumb":{"@id":"https:\/\/ecotalleres.es\/?product=videocurso-botica-eco-de-la-salvia-infusion-sexual#breadcrumb"},"inLanguage":"es","potentialAction":[{"@type":"ReadAction","target":["https:\/\/ecotalleres.es\/?product=videocurso-botica-eco-de-la-salvia-infusion-sexual"]}]},{"@type":"ImageObject","inLanguage":"es","@id":"https:\/\/ecotalleres.es\/?product=videocurso-botica-eco-de-la-salvia-infusion-sexual#primaryimage","url":"https:\/\/ecotalleres.es\/wp-content\/uploads\/2021\/06\/ECOTALLER-SALVIA-BOTICA-ECO-INFUSION-1-scaled.jpg","contentUrl":"https:\/\/ecotalleres.es\/wp-content\/uploads\/2021\/06\/ECOTALLER-SALVIA-BOTICA-ECO-INFUSION-1-scaled.jpg","width":2560,"height":1920},{"@type":"BreadcrumbList","@id":"https:\/\/ecotalleres.es\/?product=videocurso-botica-eco-de-la-salvia-infusion-sexual#breadcrumb","itemListElement":[{"@type":"ListItem","position":1,"name":"Portada","item":"https:\/\/ecotalleres.es\/"},{"@type":"ListItem","position":2,"name":"Talleres","item":"https:\/\/ecotalleres.es\/?page_id=6"},{"@type":"ListItem","position":3,"name":"VIDEOCURSO BOTICA ECO DE LA SALVIA \u00abINFUSI\u00d3N SEXUAL\u00bb"}]},{"@type":"WebSite","@id":"https:\/\/ecotalleres.es\/#website","url":"https:\/\/ecotalleres.es\/","name":"ECOTALLERES","description":"Talleres de plantas medicinales y terapias naturales.","publisher":{"@id":"https:\/\/ecotalleres.es\/#organization"},"potentialAction":[{"@type":"SearchAction","target":{"@type":"EntryPoint","urlTemplate":"https:\/\/ecotalleres.es\/?s={search_term_string}"},"query-input":{"@type":"PropertyValueSpecification","valueRequired":true,"valueName":"search_term_string"}}],"inLanguage":"es"},{"@type":"Organization","@id":"https:\/\/ecotalleres.es\/#organization","name":"ECOTALLERES","url":"https:\/\/ecotalleres.es\/","logo":{"@type":"ImageObject","inLanguage":"es","@id":"https:\/\/ecotalleres.es\/#\/schema\/logo\/image\/","url":"https:\/\/ecotalleres.es\/wp-content\/uploads\/2021\/05\/cropped-LOGO-ECOTALLERES-3-1.png","contentUrl":"https:\/\/ecotalleres.es\/wp-content\/uploads\/2021\/05\/cropped-LOGO-ECOTALLERES-3-1.png","width":500,"height":312,"caption":"ECOTALLERES"},"image":{"@id":"https:\/\/ecotalleres.es\/#\/schema\/logo\/image\/"}}]}},"_links":{"self":[{"href":"https:\/\/ecotalleres.es\/index.php?rest_route=\/wp\/v2\/product\/1082","targetHints":{"allow":["GET"]}}],"collection":[{"href":"https:\/\/ecotalleres.es\/index.php?rest_route=\/wp\/v2\/product"}],"about":[{"href":"https:\/\/ecotalleres.es\/index.php?rest_route=\/wp\/v2\/types\/product"}],"replies":[{"embeddable":true,"href":"https:\/\/ecotalleres.es\/index.php?rest_route=%2Fwp%2Fv2%2Fcomments&post=1082"}],"wp:featuredmedia":[{"embeddable":true,"href":"https:\/\/ecotalleres.es\/index.php?rest_route=\/wp\/v2\/media\/1083"}],"wp:attachment":[{"href":"https:\/\/ecotalleres.es\/index.php?rest_route=%2Fwp%2Fv2%2Fmedia&parent=1082"}],"wp:term":[{"taxonomy":"product_brand","embeddable":true,"href":"https:\/\/ecotalleres.es\/index.php?rest_route=%2Fwp%2Fv2%2Fproduct_brand&post=1082"},{"taxonomy":"product_cat","embeddable":true,"href":"https:\/\/ecotalleres.es\/index.php?rest_route=%2Fwp%2Fv2%2Fproduct_cat&post=1082"},{"taxonomy":"product_tag","embeddable":true,"href":"https:\/\/ecotalleres.es\/index.php?rest_route=%2Fwp%2Fv2%2Fproduct_tag&post=1082"}],"curies":[{"name":"wp","href":"https:\/\/api.w.org\/{rel}","templated":true}]}}