{"id":1076,"date":"2021-06-07T16:05:11","date_gmt":"2021-06-07T16:05:11","guid":{"rendered":"https:\/\/ecotalleres.es\/?post_type=product&#038;p=1076"},"modified":"2025-02-04T14:22:44","modified_gmt":"2025-02-04T14:22:44","slug":"videocurso-cosmetica-eco-salvia-unguento-de-sexualidad","status":"publish","type":"product","link":"https:\/\/ecotalleres.es\/?product=videocurso-cosmetica-eco-salvia-unguento-de-sexualidad","title":{"rendered":"VIDEOCURSO  COSM\u00c9TICA ECO SALVIA \u00abUNG\u00dcENTO DE SEXUALIDAD\u00bb"},"content":{"rendered":"<p><strong>INDICACIONES:<\/strong> <strong>el ung\u00fcento de sexualidad tiene, como se ve, muchas utilidades por la gran composici\u00f3n de plantas, tanto para la piel como para m\u00fasculos, \u00f3rganos, y sistema nervioso. El ung\u00fcento de sexualidad es un preparado indicado para activar la vida sexual, en las personas con problemas tanto de apetito sexual, disfunciones, frigidez y otros problemas. Advertencias, este preparado solo est\u00e1 indicado para parejas, adultos y que hacen un buen uso de la sexualidad, con responsabilidad. En el taller que m\u00e1s adelante se describe, se comprender\u00e1 mejor su uso (BOTICA ECO DE SALVIA INFUSI\u00d3N DE SEXUALIDAD).<\/strong><\/p>\n<p>&nbsp;<\/p>\n<p><strong>\u00a0<\/strong><\/p>\n","protected":false},"excerpt":{"rendered":"<p>EL UNG\u00dcENTO DE SEXUALIDAD ES UN PREPARADO DE\u00a0 LA ALQUIMIA\u00a0 CON LAS EXCELENCIAS NATURALES PARA ENCONTRAR LA ETERNA JUVENTUD, CON ALMA Y CUERPO. (EL PESO DE ESTE VIDEO ES DE, 2,73 GB).<\/p>\n<p><span style=\"color: #0000ff;\"> <strong>CON ESTE VIDEO CURSO TIENES DERECHO A UNA CONSULTA POR VIDEOLLAMADA DE UNA HORA CON EL PROFESOR.<\/strong> <\/span><\/p>\n<h5><span style=\"color: #ff0000;\">\u2014ATENCI\u00d3N JUNTO AL VIDEO CURSO, SE ADJUNTA DOSIER CON F\u00d3RMULA Y ELABORACI\u00d3N<\/span><\/h5>\n","protected":false},"featured_media":1077,"comment_status":"open","ping_status":"closed","template":"","meta":{"_monsterinsights_skip_tracking":false,"_monsterinsights_sitenote_active":false,"_monsterinsights_sitenote_note":"","_monsterinsights_sitenote_category":0,"site-sidebar-layout":"default","site-content-layout":"default","ast-site-content-layout":"default","site-content-style":"default","site-sidebar-style":"default","ast-global-header-display":"","ast-banner-title-visibility":"","ast-main-header-display":"","ast-hfb-above-header-display":"","ast-hfb-below-header-display":"","ast-hfb-mobile-header-display":"","site-post-title":"","ast-breadcrumbs-content":"","ast-featured-img":"","footer-sml-layout":"","ast-disable-related-posts":"","theme-transparent-header-meta":"default","adv-header-id-meta":"","stick-header-meta":"","header-above-stick-meta":"","header-main-stick-meta":"","header-below-stick-meta":"","astra-migrate-meta-layouts":"set","ast-page-background-enabled":"default","ast-page-background-meta":{"desktop":{"background-color":"","background-image":"","background-repeat":"repeat","background-position":"center center","background-size":"auto","background-attachment":"scroll","background-type":"","background-media":"","overlay-type":"","overlay-color":"","overlay-opacity":"","overlay-gradient":""},"tablet":{"background-color":"","background-image":"","background-repeat":"repeat","background-position":"center center","background-size":"auto","background-attachment":"scroll","background-type":"","background-media":"","overlay-type":"","overlay-color":"","overlay-opacity":"","overlay-gradient":""},"mobile":{"background-color":"","background-image":"","background-repeat":"repeat","background-position":"center center","background-size":"auto","background-attachment":"scroll","background-type":"","background-media":"","overlay-type":"","overlay-color":"","overlay-opacity":"","overlay-gradient":""}},"ast-content-background-meta":{"desktop":{"background-color":"var(--ast-global-color-5)","background-image":"","background-repeat":"repeat","background-position":"center center","background-size":"auto","background-attachment":"scroll","background-type":"","background-media":"","overlay-type":"","overlay-color":"","overlay-opacity":"","overlay-gradient":""},"tablet":{"background-color":"var(--ast-global-color-5)","background-image":"","background-repeat":"repeat","background-position":"center center","background-size":"auto","background-attachment":"scroll","background-type":"","background-media":"","overlay-type":"","overlay-color":"","overlay-opacity":"","overlay-gradient":""},"mobile":{"background-color":"var(--ast-global-color-5)","background-image":"","background-repeat":"repeat","background-position":"center center","background-size":"auto","background-attachment":"scroll","background-type":"","background-media":"","overlay-type":"","overlay-color":"","overlay-opacity":"","overlay-gradient":""}}},"product_brand":[],"product_cat":[37],"product_tag":[78,77,76,79],"class_list":{"0":"post-1076","1":"product","2":"type-product","3":"status-publish","4":"has-post-thumbnail","6":"product_cat-videocursos-plantas-medicinales","7":"product_tag-afrodisiaco","8":"product_tag-estimulante","9":"product_tag-fortaleza","10":"product_tag-rejuvenecedor","11":"desktop-align-left","12":"tablet-align-left","13":"mobile-align-left","15":"first","16":"instock","17":"downloadable","18":"virtual","19":"taxable","20":"purchasable","21":"product-type-simple"},"yoast_head":"<!-- This site is optimized with the Yoast SEO plugin v27.3 - https:\/\/yoast.com\/product\/yoast-seo-wordpress\/ -->\n<title>VIDEOCURSO COSM\u00c9TICA ECO SALVIA &quot;UNG\u00dcENTO DE SEXUALIDAD&quot; - ECOTALLERES<\/title>\n<meta name=\"robots\" content=\"index, follow, max-snippet:-1, max-image-preview:large, max-video-preview:-1\" \/>\n<link rel=\"canonical\" href=\"https:\/\/ecotalleres.es\/?product=videocurso-cosmetica-eco-salvia-unguento-de-sexualidad\" \/>\n<meta property=\"og:locale\" content=\"es_ES\" \/>\n<meta property=\"og:type\" content=\"article\" \/>\n<meta property=\"og:title\" content=\"VIDEOCURSO COSM\u00c9TICA ECO SALVIA &quot;UNG\u00dcENTO DE SEXUALIDAD&quot; - ECOTALLERES\" \/>\n<meta property=\"og:description\" content=\"EL UNG\u00dcENTO DE SEXUALIDAD ES UN PREPARADO DE\u00a0 LA ALQUIMIA\u00a0 CON LAS EXCELENCIAS NATURALES PARA ENCONTRAR LA ETERNA JUVENTUD, CON ALMA Y CUERPO. (EL PESO DE ESTE VIDEO ES DE, 2,73 GB).   CON ESTE VIDEO CURSO TIENES DERECHO A UNA CONSULTA POR VIDEOLLAMADA DE UNA HORA CON EL PROFESOR.  \u2014ATENCI\u00d3N JUNTO AL VIDEO CURSO, SE ADJUNTA DOSIER CON F\u00d3RMULA Y ELABORACI\u00d3N\" \/>\n<meta property=\"og:url\" content=\"https:\/\/ecotalleres.es\/?product=videocurso-cosmetica-eco-salvia-unguento-de-sexualidad\" \/>\n<meta property=\"og:site_name\" content=\"ECOTALLERES\" \/>\n<meta property=\"article:modified_time\" content=\"2025-02-04T14:22:44+00:00\" \/>\n<meta property=\"og:image\" content=\"https:\/\/ecotalleres.es\/wp-content\/uploads\/2021\/06\/ECOTALLERES-SALVIA-COSMETICA-ECO-UNGUENTO-DE-SEXUALIDAD-1024x658.jpg\" \/>\n\t<meta property=\"og:image:width\" content=\"1024\" \/>\n\t<meta property=\"og:image:height\" content=\"658\" \/>\n\t<meta property=\"og:image:type\" content=\"image\/jpeg\" \/>\n<meta name=\"twitter:card\" content=\"summary_large_image\" \/>\n<meta name=\"twitter:label1\" content=\"Tiempo de lectura\" \/>\n\t<meta name=\"twitter:data1\" content=\"1 minuto\" \/>\n<script type=\"application\/ld+json\" class=\"yoast-schema-graph\">{\"@context\":\"https:\\\/\\\/schema.org\",\"@graph\":[{\"@type\":\"WebPage\",\"@id\":\"https:\\\/\\\/ecotalleres.es\\\/?product=videocurso-cosmetica-eco-salvia-unguento-de-sexualidad\",\"url\":\"https:\\\/\\\/ecotalleres.es\\\/?product=videocurso-cosmetica-eco-salvia-unguento-de-sexualidad\",\"name\":\"VIDEOCURSO COSM\u00c9TICA ECO SALVIA \\\"UNG\u00dcENTO DE SEXUALIDAD\\\" - ECOTALLERES\",\"isPartOf\":{\"@id\":\"https:\\\/\\\/ecotalleres.es\\\/#website\"},\"primaryImageOfPage\":{\"@id\":\"https:\\\/\\\/ecotalleres.es\\\/?product=videocurso-cosmetica-eco-salvia-unguento-de-sexualidad#primaryimage\"},\"image\":{\"@id\":\"https:\\\/\\\/ecotalleres.es\\\/?product=videocurso-cosmetica-eco-salvia-unguento-de-sexualidad#primaryimage\"},\"thumbnailUrl\":\"https:\\\/\\\/ecotalleres.es\\\/wp-content\\\/uploads\\\/2021\\\/06\\\/ECOTALLERES-SALVIA-COSMETICA-ECO-UNGUENTO-DE-SEXUALIDAD.jpg\",\"datePublished\":\"2021-06-07T16:05:11+00:00\",\"dateModified\":\"2025-02-04T14:22:44+00:00\",\"breadcrumb\":{\"@id\":\"https:\\\/\\\/ecotalleres.es\\\/?product=videocurso-cosmetica-eco-salvia-unguento-de-sexualidad#breadcrumb\"},\"inLanguage\":\"es\",\"potentialAction\":[{\"@type\":\"ReadAction\",\"target\":[\"https:\\\/\\\/ecotalleres.es\\\/?product=videocurso-cosmetica-eco-salvia-unguento-de-sexualidad\"]}]},{\"@type\":\"ImageObject\",\"inLanguage\":\"es\",\"@id\":\"https:\\\/\\\/ecotalleres.es\\\/?product=videocurso-cosmetica-eco-salvia-unguento-de-sexualidad#primaryimage\",\"url\":\"https:\\\/\\\/ecotalleres.es\\\/wp-content\\\/uploads\\\/2021\\\/06\\\/ECOTALLERES-SALVIA-COSMETICA-ECO-UNGUENTO-DE-SEXUALIDAD.jpg\",\"contentUrl\":\"https:\\\/\\\/ecotalleres.es\\\/wp-content\\\/uploads\\\/2021\\\/06\\\/ECOTALLERES-SALVIA-COSMETICA-ECO-UNGUENTO-DE-SEXUALIDAD.jpg\",\"width\":1682,\"height\":1080},{\"@type\":\"BreadcrumbList\",\"@id\":\"https:\\\/\\\/ecotalleres.es\\\/?product=videocurso-cosmetica-eco-salvia-unguento-de-sexualidad#breadcrumb\",\"itemListElement\":[{\"@type\":\"ListItem\",\"position\":1,\"name\":\"Portada\",\"item\":\"https:\\\/\\\/ecotalleres.es\\\/\"},{\"@type\":\"ListItem\",\"position\":2,\"name\":\"Talleres\",\"item\":\"https:\\\/\\\/ecotalleres.es\\\/?page_id=6\"},{\"@type\":\"ListItem\",\"position\":3,\"name\":\"VIDEOCURSO COSM\u00c9TICA ECO SALVIA \u00abUNG\u00dcENTO DE SEXUALIDAD\u00bb\"}]},{\"@type\":\"WebSite\",\"@id\":\"https:\\\/\\\/ecotalleres.es\\\/#website\",\"url\":\"https:\\\/\\\/ecotalleres.es\\\/\",\"name\":\"ECOTALLERES\",\"description\":\"Talleres de plantas medicinales y terapias naturales.\",\"publisher\":{\"@id\":\"https:\\\/\\\/ecotalleres.es\\\/#organization\"},\"potentialAction\":[{\"@type\":\"SearchAction\",\"target\":{\"@type\":\"EntryPoint\",\"urlTemplate\":\"https:\\\/\\\/ecotalleres.es\\\/?s={search_term_string}\"},\"query-input\":{\"@type\":\"PropertyValueSpecification\",\"valueRequired\":true,\"valueName\":\"search_term_string\"}}],\"inLanguage\":\"es\"},{\"@type\":\"Organization\",\"@id\":\"https:\\\/\\\/ecotalleres.es\\\/#organization\",\"name\":\"ECOTALLERES\",\"url\":\"https:\\\/\\\/ecotalleres.es\\\/\",\"logo\":{\"@type\":\"ImageObject\",\"inLanguage\":\"es\",\"@id\":\"https:\\\/\\\/ecotalleres.es\\\/#\\\/schema\\\/logo\\\/image\\\/\",\"url\":\"https:\\\/\\\/ecotalleres.es\\\/wp-content\\\/uploads\\\/2021\\\/05\\\/cropped-LOGO-ECOTALLERES-3-1.png\",\"contentUrl\":\"https:\\\/\\\/ecotalleres.es\\\/wp-content\\\/uploads\\\/2021\\\/05\\\/cropped-LOGO-ECOTALLERES-3-1.png\",\"width\":500,\"height\":312,\"caption\":\"ECOTALLERES\"},\"image\":{\"@id\":\"https:\\\/\\\/ecotalleres.es\\\/#\\\/schema\\\/logo\\\/image\\\/\"}}]}<\/script>\n<!-- \/ Yoast SEO plugin. -->","yoast_head_json":{"title":"VIDEOCURSO COSM\u00c9TICA ECO SALVIA \"UNG\u00dcENTO DE SEXUALIDAD\" - ECOTALLERES","robots":{"index":"index","follow":"follow","max-snippet":"max-snippet:-1","max-image-preview":"max-image-preview:large","max-video-preview":"max-video-preview:-1"},"canonical":"https:\/\/ecotalleres.es\/?product=videocurso-cosmetica-eco-salvia-unguento-de-sexualidad","og_locale":"es_ES","og_type":"article","og_title":"VIDEOCURSO COSM\u00c9TICA ECO SALVIA \"UNG\u00dcENTO DE SEXUALIDAD\" - ECOTALLERES","og_description":"EL UNG\u00dcENTO DE SEXUALIDAD ES UN PREPARADO DE\u00a0 LA ALQUIMIA\u00a0 CON LAS EXCELENCIAS NATURALES PARA ENCONTRAR LA ETERNA JUVENTUD, CON ALMA Y CUERPO. (EL PESO DE ESTE VIDEO ES DE, 2,73 GB).   CON ESTE VIDEO CURSO TIENES DERECHO A UNA CONSULTA POR VIDEOLLAMADA DE UNA HORA CON EL PROFESOR.  \u2014ATENCI\u00d3N JUNTO AL VIDEO CURSO, SE ADJUNTA DOSIER CON F\u00d3RMULA Y ELABORACI\u00d3N","og_url":"https:\/\/ecotalleres.es\/?product=videocurso-cosmetica-eco-salvia-unguento-de-sexualidad","og_site_name":"ECOTALLERES","article_modified_time":"2025-02-04T14:22:44+00:00","og_image":[{"width":1024,"height":658,"url":"https:\/\/ecotalleres.es\/wp-content\/uploads\/2021\/06\/ECOTALLERES-SALVIA-COSMETICA-ECO-UNGUENTO-DE-SEXUALIDAD-1024x658.jpg","type":"image\/jpeg"}],"twitter_card":"summary_large_image","twitter_misc":{"Tiempo de lectura":"1 minuto"},"schema":{"@context":"https:\/\/schema.org","@graph":[{"@type":"WebPage","@id":"https:\/\/ecotalleres.es\/?product=videocurso-cosmetica-eco-salvia-unguento-de-sexualidad","url":"https:\/\/ecotalleres.es\/?product=videocurso-cosmetica-eco-salvia-unguento-de-sexualidad","name":"VIDEOCURSO COSM\u00c9TICA ECO SALVIA \"UNG\u00dcENTO DE SEXUALIDAD\" - ECOTALLERES","isPartOf":{"@id":"https:\/\/ecotalleres.es\/#website"},"primaryImageOfPage":{"@id":"https:\/\/ecotalleres.es\/?product=videocurso-cosmetica-eco-salvia-unguento-de-sexualidad#primaryimage"},"image":{"@id":"https:\/\/ecotalleres.es\/?product=videocurso-cosmetica-eco-salvia-unguento-de-sexualidad#primaryimage"},"thumbnailUrl":"https:\/\/ecotalleres.es\/wp-content\/uploads\/2021\/06\/ECOTALLERES-SALVIA-COSMETICA-ECO-UNGUENTO-DE-SEXUALIDAD.jpg","datePublished":"2021-06-07T16:05:11+00:00","dateModified":"2025-02-04T14:22:44+00:00","breadcrumb":{"@id":"https:\/\/ecotalleres.es\/?product=videocurso-cosmetica-eco-salvia-unguento-de-sexualidad#breadcrumb"},"inLanguage":"es","potentialAction":[{"@type":"ReadAction","target":["https:\/\/ecotalleres.es\/?product=videocurso-cosmetica-eco-salvia-unguento-de-sexualidad"]}]},{"@type":"ImageObject","inLanguage":"es","@id":"https:\/\/ecotalleres.es\/?product=videocurso-cosmetica-eco-salvia-unguento-de-sexualidad#primaryimage","url":"https:\/\/ecotalleres.es\/wp-content\/uploads\/2021\/06\/ECOTALLERES-SALVIA-COSMETICA-ECO-UNGUENTO-DE-SEXUALIDAD.jpg","contentUrl":"https:\/\/ecotalleres.es\/wp-content\/uploads\/2021\/06\/ECOTALLERES-SALVIA-COSMETICA-ECO-UNGUENTO-DE-SEXUALIDAD.jpg","width":1682,"height":1080},{"@type":"BreadcrumbList","@id":"https:\/\/ecotalleres.es\/?product=videocurso-cosmetica-eco-salvia-unguento-de-sexualidad#breadcrumb","itemListElement":[{"@type":"ListItem","position":1,"name":"Portada","item":"https:\/\/ecotalleres.es\/"},{"@type":"ListItem","position":2,"name":"Talleres","item":"https:\/\/ecotalleres.es\/?page_id=6"},{"@type":"ListItem","position":3,"name":"VIDEOCURSO COSM\u00c9TICA ECO SALVIA \u00abUNG\u00dcENTO DE SEXUALIDAD\u00bb"}]},{"@type":"WebSite","@id":"https:\/\/ecotalleres.es\/#website","url":"https:\/\/ecotalleres.es\/","name":"ECOTALLERES","description":"Talleres de plantas medicinales y terapias naturales.","publisher":{"@id":"https:\/\/ecotalleres.es\/#organization"},"potentialAction":[{"@type":"SearchAction","target":{"@type":"EntryPoint","urlTemplate":"https:\/\/ecotalleres.es\/?s={search_term_string}"},"query-input":{"@type":"PropertyValueSpecification","valueRequired":true,"valueName":"search_term_string"}}],"inLanguage":"es"},{"@type":"Organization","@id":"https:\/\/ecotalleres.es\/#organization","name":"ECOTALLERES","url":"https:\/\/ecotalleres.es\/","logo":{"@type":"ImageObject","inLanguage":"es","@id":"https:\/\/ecotalleres.es\/#\/schema\/logo\/image\/","url":"https:\/\/ecotalleres.es\/wp-content\/uploads\/2021\/05\/cropped-LOGO-ECOTALLERES-3-1.png","contentUrl":"https:\/\/ecotalleres.es\/wp-content\/uploads\/2021\/05\/cropped-LOGO-ECOTALLERES-3-1.png","width":500,"height":312,"caption":"ECOTALLERES"},"image":{"@id":"https:\/\/ecotalleres.es\/#\/schema\/logo\/image\/"}}]}},"_links":{"self":[{"href":"https:\/\/ecotalleres.es\/index.php?rest_route=\/wp\/v2\/product\/1076","targetHints":{"allow":["GET"]}}],"collection":[{"href":"https:\/\/ecotalleres.es\/index.php?rest_route=\/wp\/v2\/product"}],"about":[{"href":"https:\/\/ecotalleres.es\/index.php?rest_route=\/wp\/v2\/types\/product"}],"replies":[{"embeddable":true,"href":"https:\/\/ecotalleres.es\/index.php?rest_route=%2Fwp%2Fv2%2Fcomments&post=1076"}],"wp:featuredmedia":[{"embeddable":true,"href":"https:\/\/ecotalleres.es\/index.php?rest_route=\/wp\/v2\/media\/1077"}],"wp:attachment":[{"href":"https:\/\/ecotalleres.es\/index.php?rest_route=%2Fwp%2Fv2%2Fmedia&parent=1076"}],"wp:term":[{"taxonomy":"product_brand","embeddable":true,"href":"https:\/\/ecotalleres.es\/index.php?rest_route=%2Fwp%2Fv2%2Fproduct_brand&post=1076"},{"taxonomy":"product_cat","embeddable":true,"href":"https:\/\/ecotalleres.es\/index.php?rest_route=%2Fwp%2Fv2%2Fproduct_cat&post=1076"},{"taxonomy":"product_tag","embeddable":true,"href":"https:\/\/ecotalleres.es\/index.php?rest_route=%2Fwp%2Fv2%2Fproduct_tag&post=1076"}],"curies":[{"name":"wp","href":"https:\/\/api.w.org\/{rel}","templated":true}]}}