{"id":1033,"date":"2021-06-04T17:32:01","date_gmt":"2021-06-04T17:32:01","guid":{"rendered":"https:\/\/ecotalleres.es\/?post_type=product&#038;p=1033"},"modified":"2026-02-14T20:03:47","modified_gmt":"2026-02-14T20:03:47","slug":"videocurso-botica-eco-de-calendula-extracto-de-calendula","status":"publish","type":"product","link":"https:\/\/ecotalleres.es\/?product=videocurso-botica-eco-de-calendula-extracto-de-calendula","title":{"rendered":"VIDEOCURSO BOTICA ECO DE CAL\u00c9NDULA \u00abEXTRACTO DE CAL\u00c9NDULA\u00bb"},"content":{"rendered":"<h5><span style=\"color: #ff0000;\"><strong>INDICACIONES:<\/strong><\/span><\/h5>\n<p><strong>Primero,<\/strong> <strong>queremos eliminar de nuestros \u00f3rganos agentes t\u00f3xicos y agresivos. La depuraci\u00f3n de \u00f3rganos vitales como el h\u00edgado es fundamental, para los ri\u00f1ones tambi\u00e9n, intestinos, gl\u00e1ndulas y otros.\u00a0 Con ello se eliminan tensiones, estr\u00e9s y desequilibrios a todo nuestro sistema org\u00e1nico, y le predisponemos para su revitalizaci\u00f3n. Para esta gesti\u00f3n, la cal\u00e9ndula es una de las plantas id\u00f3neas<\/strong><\/p>\n<p><strong>Segundo;<\/strong> <strong>otra de las funciones ser\u00e1; curar \u00falceras, cicatrizar heridas internas,<\/strong><strong> aliviar la acidez, los ardores, calma los retortijones, porque es antiespasm\u00f3dica, antiinflamatoria, calma la gastritis y las indigestiones, previene v\u00f3mitos, n\u00e1useas; restituye tejidos da\u00f1ados de \u00f3rganos, m\u00fasculos, ligamentos, nervios, vasos sangu\u00edneos y linf\u00e1ticos<\/strong>.<\/p>\n<p><strong>Tercero:<\/strong> <strong>fortalecer y equilibrar el sistema nervioso, principalmente al nervio vago. <\/strong><\/p>\n<p><strong>Y tiene otros usos externos: como para cicatrizar heridas, dolencias musculares y articulares, infecciones de la piel, inflamaciones, golpes, traumatismos, etc.<\/strong><\/p>\n<p>&nbsp;<\/p>\n<p><strong>\u00a0<\/strong><\/p>\n<p>&nbsp;<\/p>\n","protected":false},"excerpt":{"rendered":"<h5 style=\"text-align: center;\"><span style=\"color: #ff0000;\"><strong>UN TALLER HECHO EN PLENA NATURALEZA, PARA TESTIMONIAR LA GRANDEZA DE LA MADRE NATURALEZA<\/strong><\/span><\/h5>\n<p><span style=\"color: #ff00ff;\"><strong>\u00a1POR LOS DERECHOS DE TODOS LOS SERES VIVOS, QUE HABITAN EN ELLA!<\/strong><\/span><\/p>\n<h6><strong>(ESTE VIDEOCURSO VIENE COMPRIMIDO EN RAR, PARA UNA CORRECTA VISUALIZACI\u00d3N DEL CONTENIDO ES RECOMENDABLE\u00a0 EXTRAERLOS TODOS EN SU EQUIPO DE LOS 2 VIDEOS QUE CONTIENE. PESO Y CAPACIDAD DE LOS VIDEOS,\u00a0 3,64 GB).<\/strong><\/h6>\n<p><strong>UN TALLER DONDE VAS A APRENDER A MEZCLAR LO MEJOR DE LA NATURALEZA PARA TU CUERPO Y ALMA.<\/strong><\/p>\n<p><span style=\"color: #0000ff;\"> <strong>CON ESTE VIDEO CURSO TIENES DERECHO A UNA CONSULTA POR VIDEOLLAMADA DE UNA HORA CON EL PROFESOR.<\/strong> <\/span><\/p>\n<h5><span style=\"color: #ff0000;\">\u2014ATENCI\u00d3N JUNTO AL VIDEO CURSO, SE ADJUNTA DOSIER CON F\u00d3RMULA Y ELABORACI\u00d3N<\/span><\/h5>\n","protected":false},"featured_media":1034,"comment_status":"open","ping_status":"closed","template":"","meta":{"_monsterinsights_skip_tracking":false,"_monsterinsights_sitenote_active":false,"_monsterinsights_sitenote_note":"","_monsterinsights_sitenote_category":0,"site-sidebar-layout":"default","site-content-layout":"default","ast-site-content-layout":"default","site-content-style":"default","site-sidebar-style":"default","ast-global-header-display":"","ast-banner-title-visibility":"","ast-main-header-display":"","ast-hfb-above-header-display":"","ast-hfb-below-header-display":"","ast-hfb-mobile-header-display":"","site-post-title":"","ast-breadcrumbs-content":"","ast-featured-img":"","footer-sml-layout":"","ast-disable-related-posts":"","theme-transparent-header-meta":"default","adv-header-id-meta":"","stick-header-meta":"","header-above-stick-meta":"","header-main-stick-meta":"","header-below-stick-meta":"","astra-migrate-meta-layouts":"set","ast-page-background-enabled":"default","ast-page-background-meta":{"desktop":{"background-color":"","background-image":"","background-repeat":"repeat","background-position":"center center","background-size":"auto","background-attachment":"scroll","background-type":"","background-media":"","overlay-type":"","overlay-color":"","overlay-opacity":"","overlay-gradient":""},"tablet":{"background-color":"","background-image":"","background-repeat":"repeat","background-position":"center center","background-size":"auto","background-attachment":"scroll","background-type":"","background-media":"","overlay-type":"","overlay-color":"","overlay-opacity":"","overlay-gradient":""},"mobile":{"background-color":"","background-image":"","background-repeat":"repeat","background-position":"center center","background-size":"auto","background-attachment":"scroll","background-type":"","background-media":"","overlay-type":"","overlay-color":"","overlay-opacity":"","overlay-gradient":""}},"ast-content-background-meta":{"desktop":{"background-color":"var(--ast-global-color-5)","background-image":"","background-repeat":"repeat","background-position":"center center","background-size":"auto","background-attachment":"scroll","background-type":"","background-media":"","overlay-type":"","overlay-color":"","overlay-opacity":"","overlay-gradient":""},"tablet":{"background-color":"var(--ast-global-color-5)","background-image":"","background-repeat":"repeat","background-position":"center center","background-size":"auto","background-attachment":"scroll","background-type":"","background-media":"","overlay-type":"","overlay-color":"","overlay-opacity":"","overlay-gradient":""},"mobile":{"background-color":"var(--ast-global-color-5)","background-image":"","background-repeat":"repeat","background-position":"center center","background-size":"auto","background-attachment":"scroll","background-type":"","background-media":"","overlay-type":"","overlay-color":"","overlay-opacity":"","overlay-gradient":""}}},"product_brand":[],"product_cat":[37],"product_tag":[56,53,54,55],"class_list":{"0":"post-1033","1":"product","2":"type-product","3":"status-publish","4":"has-post-thumbnail","6":"product_cat-videocursos-plantas-medicinales","7":"product_tag-cicatrizante-interio","8":"product_tag-extracto-depurativo","9":"product_tag-para-el-aparato-digestivo","10":"product_tag-un-gran-desintoxicante","11":"desktop-align-left","12":"tablet-align-left","13":"mobile-align-left","15":"first","16":"instock","17":"downloadable","18":"virtual","19":"taxable","20":"purchasable","21":"product-type-simple"},"yoast_head":"<!-- This site is optimized with the Yoast SEO plugin v27.3 - https:\/\/yoast.com\/product\/yoast-seo-wordpress\/ -->\n<title>VIDEOCURSO BOTICA ECO DE CAL\u00c9NDULA &quot;EXTRACTO DE CAL\u00c9NDULA&quot; - ECOTALLERES<\/title>\n<meta name=\"robots\" content=\"index, follow, max-snippet:-1, max-image-preview:large, max-video-preview:-1\" \/>\n<link rel=\"canonical\" href=\"https:\/\/ecotalleres.es\/?product=videocurso-botica-eco-de-calendula-extracto-de-calendula\" \/>\n<meta property=\"og:locale\" content=\"es_ES\" \/>\n<meta property=\"og:type\" content=\"article\" \/>\n<meta property=\"og:title\" content=\"VIDEOCURSO BOTICA ECO DE CAL\u00c9NDULA &quot;EXTRACTO DE CAL\u00c9NDULA&quot; - ECOTALLERES\" \/>\n<meta property=\"og:description\" content=\"UN TALLER HECHO EN PLENA NATURALEZA, PARA TESTIMONIAR LA GRANDEZA DE LA MADRE NATURALEZA \u00a1POR LOS DERECHOS DE TODOS LOS SERES VIVOS, QUE HABITAN EN ELLA! (ESTE VIDEOCURSO VIENE COMPRIMIDO EN RAR, PARA UNA CORRECTA VISUALIZACI\u00d3N DEL CONTENIDO ES RECOMENDABLE\u00a0 EXTRAERLOS TODOS EN SU EQUIPO DE LOS 2 VIDEOS QUE CONTIENE. PESO Y CAPACIDAD DE LOS VIDEOS,\u00a0 3,64 GB). UN TALLER DONDE VAS A APRENDER A MEZCLAR LO MEJOR DE LA NATURALEZA PARA TU CUERPO Y ALMA.   CON ESTE VIDEO CURSO TIENES DERECHO A UNA CONSULTA POR VIDEOLLAMADA DE UNA HORA CON EL PROFESOR.  \u2014ATENCI\u00d3N JUNTO AL VIDEO CURSO, SE ADJUNTA DOSIER CON F\u00d3RMULA Y ELABORACI\u00d3N\" \/>\n<meta property=\"og:url\" content=\"https:\/\/ecotalleres.es\/?product=videocurso-botica-eco-de-calendula-extracto-de-calendula\" \/>\n<meta property=\"og:site_name\" content=\"ECOTALLERES\" \/>\n<meta property=\"article:modified_time\" content=\"2026-02-14T20:03:47+00:00\" \/>\n<meta property=\"og:image\" content=\"https:\/\/ecotalleres.es\/wp-content\/uploads\/2021\/06\/ECOTALLERES-BOTICA-ECO-EXTRACTO-DE-CALENDULA-1-PARTE_Moment.jpg\" \/>\n\t<meta property=\"og:image:width\" content=\"1920\" \/>\n\t<meta property=\"og:image:height\" content=\"1080\" \/>\n\t<meta property=\"og:image:type\" content=\"image\/jpeg\" \/>\n<meta name=\"twitter:card\" content=\"summary_large_image\" \/>\n<meta name=\"twitter:label1\" content=\"Tiempo de lectura\" \/>\n\t<meta name=\"twitter:data1\" content=\"1 minuto\" \/>\n<script type=\"application\/ld+json\" class=\"yoast-schema-graph\">{\"@context\":\"https:\\\/\\\/schema.org\",\"@graph\":[{\"@type\":\"WebPage\",\"@id\":\"https:\\\/\\\/ecotalleres.es\\\/?product=videocurso-botica-eco-de-calendula-extracto-de-calendula\",\"url\":\"https:\\\/\\\/ecotalleres.es\\\/?product=videocurso-botica-eco-de-calendula-extracto-de-calendula\",\"name\":\"VIDEOCURSO BOTICA ECO DE CAL\u00c9NDULA \\\"EXTRACTO DE CAL\u00c9NDULA\\\" - ECOTALLERES\",\"isPartOf\":{\"@id\":\"https:\\\/\\\/ecotalleres.es\\\/#website\"},\"primaryImageOfPage\":{\"@id\":\"https:\\\/\\\/ecotalleres.es\\\/?product=videocurso-botica-eco-de-calendula-extracto-de-calendula#primaryimage\"},\"image\":{\"@id\":\"https:\\\/\\\/ecotalleres.es\\\/?product=videocurso-botica-eco-de-calendula-extracto-de-calendula#primaryimage\"},\"thumbnailUrl\":\"https:\\\/\\\/ecotalleres.es\\\/wp-content\\\/uploads\\\/2021\\\/06\\\/ECOTALLERES-BOTICA-ECO-EXTRACTO-DE-CALENDULA-1-PARTE_Moment.jpg\",\"datePublished\":\"2021-06-04T17:32:01+00:00\",\"dateModified\":\"2026-02-14T20:03:47+00:00\",\"breadcrumb\":{\"@id\":\"https:\\\/\\\/ecotalleres.es\\\/?product=videocurso-botica-eco-de-calendula-extracto-de-calendula#breadcrumb\"},\"inLanguage\":\"es\",\"potentialAction\":[{\"@type\":\"ReadAction\",\"target\":[\"https:\\\/\\\/ecotalleres.es\\\/?product=videocurso-botica-eco-de-calendula-extracto-de-calendula\"]}]},{\"@type\":\"ImageObject\",\"inLanguage\":\"es\",\"@id\":\"https:\\\/\\\/ecotalleres.es\\\/?product=videocurso-botica-eco-de-calendula-extracto-de-calendula#primaryimage\",\"url\":\"https:\\\/\\\/ecotalleres.es\\\/wp-content\\\/uploads\\\/2021\\\/06\\\/ECOTALLERES-BOTICA-ECO-EXTRACTO-DE-CALENDULA-1-PARTE_Moment.jpg\",\"contentUrl\":\"https:\\\/\\\/ecotalleres.es\\\/wp-content\\\/uploads\\\/2021\\\/06\\\/ECOTALLERES-BOTICA-ECO-EXTRACTO-DE-CALENDULA-1-PARTE_Moment.jpg\",\"width\":1920,\"height\":1080},{\"@type\":\"BreadcrumbList\",\"@id\":\"https:\\\/\\\/ecotalleres.es\\\/?product=videocurso-botica-eco-de-calendula-extracto-de-calendula#breadcrumb\",\"itemListElement\":[{\"@type\":\"ListItem\",\"position\":1,\"name\":\"Portada\",\"item\":\"https:\\\/\\\/ecotalleres.es\\\/\"},{\"@type\":\"ListItem\",\"position\":2,\"name\":\"Talleres\",\"item\":\"https:\\\/\\\/ecotalleres.es\\\/?page_id=6\"},{\"@type\":\"ListItem\",\"position\":3,\"name\":\"VIDEOCURSO BOTICA ECO DE CAL\u00c9NDULA \u00abEXTRACTO DE CAL\u00c9NDULA\u00bb\"}]},{\"@type\":\"WebSite\",\"@id\":\"https:\\\/\\\/ecotalleres.es\\\/#website\",\"url\":\"https:\\\/\\\/ecotalleres.es\\\/\",\"name\":\"ECOTALLERES\",\"description\":\"Talleres de plantas medicinales y terapias naturales.\",\"publisher\":{\"@id\":\"https:\\\/\\\/ecotalleres.es\\\/#organization\"},\"potentialAction\":[{\"@type\":\"SearchAction\",\"target\":{\"@type\":\"EntryPoint\",\"urlTemplate\":\"https:\\\/\\\/ecotalleres.es\\\/?s={search_term_string}\"},\"query-input\":{\"@type\":\"PropertyValueSpecification\",\"valueRequired\":true,\"valueName\":\"search_term_string\"}}],\"inLanguage\":\"es\"},{\"@type\":\"Organization\",\"@id\":\"https:\\\/\\\/ecotalleres.es\\\/#organization\",\"name\":\"ECOTALLERES\",\"url\":\"https:\\\/\\\/ecotalleres.es\\\/\",\"logo\":{\"@type\":\"ImageObject\",\"inLanguage\":\"es\",\"@id\":\"https:\\\/\\\/ecotalleres.es\\\/#\\\/schema\\\/logo\\\/image\\\/\",\"url\":\"https:\\\/\\\/ecotalleres.es\\\/wp-content\\\/uploads\\\/2021\\\/05\\\/cropped-LOGO-ECOTALLERES-3-1.png\",\"contentUrl\":\"https:\\\/\\\/ecotalleres.es\\\/wp-content\\\/uploads\\\/2021\\\/05\\\/cropped-LOGO-ECOTALLERES-3-1.png\",\"width\":500,\"height\":312,\"caption\":\"ECOTALLERES\"},\"image\":{\"@id\":\"https:\\\/\\\/ecotalleres.es\\\/#\\\/schema\\\/logo\\\/image\\\/\"}}]}<\/script>\n<!-- \/ Yoast SEO plugin. -->","yoast_head_json":{"title":"VIDEOCURSO BOTICA ECO DE CAL\u00c9NDULA \"EXTRACTO DE CAL\u00c9NDULA\" - ECOTALLERES","robots":{"index":"index","follow":"follow","max-snippet":"max-snippet:-1","max-image-preview":"max-image-preview:large","max-video-preview":"max-video-preview:-1"},"canonical":"https:\/\/ecotalleres.es\/?product=videocurso-botica-eco-de-calendula-extracto-de-calendula","og_locale":"es_ES","og_type":"article","og_title":"VIDEOCURSO BOTICA ECO DE CAL\u00c9NDULA \"EXTRACTO DE CAL\u00c9NDULA\" - ECOTALLERES","og_description":"UN TALLER HECHO EN PLENA NATURALEZA, PARA TESTIMONIAR LA GRANDEZA DE LA MADRE NATURALEZA \u00a1POR LOS DERECHOS DE TODOS LOS SERES VIVOS, QUE HABITAN EN ELLA! (ESTE VIDEOCURSO VIENE COMPRIMIDO EN RAR, PARA UNA CORRECTA VISUALIZACI\u00d3N DEL CONTENIDO ES RECOMENDABLE\u00a0 EXTRAERLOS TODOS EN SU EQUIPO DE LOS 2 VIDEOS QUE CONTIENE. PESO Y CAPACIDAD DE LOS VIDEOS,\u00a0 3,64 GB). UN TALLER DONDE VAS A APRENDER A MEZCLAR LO MEJOR DE LA NATURALEZA PARA TU CUERPO Y ALMA.   CON ESTE VIDEO CURSO TIENES DERECHO A UNA CONSULTA POR VIDEOLLAMADA DE UNA HORA CON EL PROFESOR.  \u2014ATENCI\u00d3N JUNTO AL VIDEO CURSO, SE ADJUNTA DOSIER CON F\u00d3RMULA Y ELABORACI\u00d3N","og_url":"https:\/\/ecotalleres.es\/?product=videocurso-botica-eco-de-calendula-extracto-de-calendula","og_site_name":"ECOTALLERES","article_modified_time":"2026-02-14T20:03:47+00:00","og_image":[{"width":1920,"height":1080,"url":"https:\/\/ecotalleres.es\/wp-content\/uploads\/2021\/06\/ECOTALLERES-BOTICA-ECO-EXTRACTO-DE-CALENDULA-1-PARTE_Moment.jpg","type":"image\/jpeg"}],"twitter_card":"summary_large_image","twitter_misc":{"Tiempo de lectura":"1 minuto"},"schema":{"@context":"https:\/\/schema.org","@graph":[{"@type":"WebPage","@id":"https:\/\/ecotalleres.es\/?product=videocurso-botica-eco-de-calendula-extracto-de-calendula","url":"https:\/\/ecotalleres.es\/?product=videocurso-botica-eco-de-calendula-extracto-de-calendula","name":"VIDEOCURSO BOTICA ECO DE CAL\u00c9NDULA \"EXTRACTO DE CAL\u00c9NDULA\" - ECOTALLERES","isPartOf":{"@id":"https:\/\/ecotalleres.es\/#website"},"primaryImageOfPage":{"@id":"https:\/\/ecotalleres.es\/?product=videocurso-botica-eco-de-calendula-extracto-de-calendula#primaryimage"},"image":{"@id":"https:\/\/ecotalleres.es\/?product=videocurso-botica-eco-de-calendula-extracto-de-calendula#primaryimage"},"thumbnailUrl":"https:\/\/ecotalleres.es\/wp-content\/uploads\/2021\/06\/ECOTALLERES-BOTICA-ECO-EXTRACTO-DE-CALENDULA-1-PARTE_Moment.jpg","datePublished":"2021-06-04T17:32:01+00:00","dateModified":"2026-02-14T20:03:47+00:00","breadcrumb":{"@id":"https:\/\/ecotalleres.es\/?product=videocurso-botica-eco-de-calendula-extracto-de-calendula#breadcrumb"},"inLanguage":"es","potentialAction":[{"@type":"ReadAction","target":["https:\/\/ecotalleres.es\/?product=videocurso-botica-eco-de-calendula-extracto-de-calendula"]}]},{"@type":"ImageObject","inLanguage":"es","@id":"https:\/\/ecotalleres.es\/?product=videocurso-botica-eco-de-calendula-extracto-de-calendula#primaryimage","url":"https:\/\/ecotalleres.es\/wp-content\/uploads\/2021\/06\/ECOTALLERES-BOTICA-ECO-EXTRACTO-DE-CALENDULA-1-PARTE_Moment.jpg","contentUrl":"https:\/\/ecotalleres.es\/wp-content\/uploads\/2021\/06\/ECOTALLERES-BOTICA-ECO-EXTRACTO-DE-CALENDULA-1-PARTE_Moment.jpg","width":1920,"height":1080},{"@type":"BreadcrumbList","@id":"https:\/\/ecotalleres.es\/?product=videocurso-botica-eco-de-calendula-extracto-de-calendula#breadcrumb","itemListElement":[{"@type":"ListItem","position":1,"name":"Portada","item":"https:\/\/ecotalleres.es\/"},{"@type":"ListItem","position":2,"name":"Talleres","item":"https:\/\/ecotalleres.es\/?page_id=6"},{"@type":"ListItem","position":3,"name":"VIDEOCURSO BOTICA ECO DE CAL\u00c9NDULA \u00abEXTRACTO DE CAL\u00c9NDULA\u00bb"}]},{"@type":"WebSite","@id":"https:\/\/ecotalleres.es\/#website","url":"https:\/\/ecotalleres.es\/","name":"ECOTALLERES","description":"Talleres de plantas medicinales y terapias naturales.","publisher":{"@id":"https:\/\/ecotalleres.es\/#organization"},"potentialAction":[{"@type":"SearchAction","target":{"@type":"EntryPoint","urlTemplate":"https:\/\/ecotalleres.es\/?s={search_term_string}"},"query-input":{"@type":"PropertyValueSpecification","valueRequired":true,"valueName":"search_term_string"}}],"inLanguage":"es"},{"@type":"Organization","@id":"https:\/\/ecotalleres.es\/#organization","name":"ECOTALLERES","url":"https:\/\/ecotalleres.es\/","logo":{"@type":"ImageObject","inLanguage":"es","@id":"https:\/\/ecotalleres.es\/#\/schema\/logo\/image\/","url":"https:\/\/ecotalleres.es\/wp-content\/uploads\/2021\/05\/cropped-LOGO-ECOTALLERES-3-1.png","contentUrl":"https:\/\/ecotalleres.es\/wp-content\/uploads\/2021\/05\/cropped-LOGO-ECOTALLERES-3-1.png","width":500,"height":312,"caption":"ECOTALLERES"},"image":{"@id":"https:\/\/ecotalleres.es\/#\/schema\/logo\/image\/"}}]}},"_links":{"self":[{"href":"https:\/\/ecotalleres.es\/index.php?rest_route=\/wp\/v2\/product\/1033","targetHints":{"allow":["GET"]}}],"collection":[{"href":"https:\/\/ecotalleres.es\/index.php?rest_route=\/wp\/v2\/product"}],"about":[{"href":"https:\/\/ecotalleres.es\/index.php?rest_route=\/wp\/v2\/types\/product"}],"replies":[{"embeddable":true,"href":"https:\/\/ecotalleres.es\/index.php?rest_route=%2Fwp%2Fv2%2Fcomments&post=1033"}],"wp:featuredmedia":[{"embeddable":true,"href":"https:\/\/ecotalleres.es\/index.php?rest_route=\/wp\/v2\/media\/1034"}],"wp:attachment":[{"href":"https:\/\/ecotalleres.es\/index.php?rest_route=%2Fwp%2Fv2%2Fmedia&parent=1033"}],"wp:term":[{"taxonomy":"product_brand","embeddable":true,"href":"https:\/\/ecotalleres.es\/index.php?rest_route=%2Fwp%2Fv2%2Fproduct_brand&post=1033"},{"taxonomy":"product_cat","embeddable":true,"href":"https:\/\/ecotalleres.es\/index.php?rest_route=%2Fwp%2Fv2%2Fproduct_cat&post=1033"},{"taxonomy":"product_tag","embeddable":true,"href":"https:\/\/ecotalleres.es\/index.php?rest_route=%2Fwp%2Fv2%2Fproduct_tag&post=1033"}],"curies":[{"name":"wp","href":"https:\/\/api.w.org\/{rel}","templated":true}]}}